{"id":13,"date":"2018-06-25T08:17:45","date_gmt":"2018-06-25T08:17:45","guid":{"rendered":"http:\/\/igocanada.ca\/?page_id=13"},"modified":"2021-08-17T20:47:57","modified_gmt":"2021-08-18T02:47:57","slug":"home","status":"publish","type":"page","link":"https:\/\/www.igocanada.ca\/en\/","title":{"rendered":"Home"},"content":{"rendered":"\n<p>Our services, your options<br><h6>Canada is a great country to study, work and live. There are many immigration programs that meet your needs. Choose the following options for more details.<\/h6><br>icon<br>icon-flight<br><br><img decoding=\"async\" src=\"https:\/\/igocanada.ca\/wp-content\/uploads\/2018\/08\/walking-or-running-legs-in-forest-adventure-and-P4FM2Y9-1.jpg\" alt=\"walking-or-running-legs-in-forest-adventure-and-P4FM2Y9\" \/><br>Learn more<br>Visit Canada<br><a href=\"\/en\/your-options\/visit-canada\/\">\/en\/your-options\/visit-canada\/<\/a><br><br><img decoding=\"async\" src=\"https:\/\/igocanada.ca\/wp-content\/uploads\/2018\/08\/cheerful-asian-young-man-sitting-and-using-laptop-PTGSMW2-1.jpg\" alt=\"cheerful-asian-young-man-sitting-and-using-laptop-PTGSMW2\" \/><br>Learn more<br>Study in Canada<br><a href=\"\/en\/your-options\/study-in-canada\/\">\/en\/your-options\/study-in-canada\/<\/a><br><br><img decoding=\"async\" src=\"https:\/\/igocanada.ca\/wp-content\/uploads\/2018\/08\/woman-planting-container-on-rooftop-garden-P2FM7DB-1.jpg\" alt=\"l\u00e0m vi\u1ec7c \u1edf Canada\" \/><br>Learn more<br>Work in Canada<br><a href=\"\/en\/your-options\/work-in-canada\/\">\/en\/your-options\/work-in-canada\/<\/a><br><br><img decoding=\"async\" src=\"https:\/\/igocanada.ca\/wp-content\/uploads\/2018\/08\/happy-family-in-summer-park-ALUNZDH-1.jpg\" alt=\"b\u1ea3o l\u00e3nh th\u00e2n nh\u00e2n\" \/><br>Learn more<br>Sponsor family members<br><a href=\"\/en\/your-options\/sponsor-family-members\/\">\/en\/your-options\/sponsor-family-members\/<\/a><br><br>View all services and options<br><a href=\"\/en\/your-options\/\">\/en\/your-options\/<\/a><br>center<br>icon-plus<br>left<br>2<br><br>50<br>default<br><br>stamp<br>#f5f5f5<br>#ffffff<br><br>IGC News and Thoughts<br>Immigration News &#8211; Life in Canada &#8211; Personal View<br>icon<br>icon-doc-line<br><br>featured<br>5<br>date<br>DESC<br>featured<br><br>View all news and thoughts<br><a href=\"\/en\/news-and-thoughts\/\">\/en\/news-and-thoughts\/<\/a><br>center<br>icon-plus<br>left<br>2<br>scroll<br><br>stamp<br>#ffffff<br>#eeeeee<br><br>What our clients say about us<br>icon<br>icon-thumbs-up-line<br><br>date<br>DESC<br>single-photo<br><br><h1>Do you want to discuss your option with us?<\/h1><br>If you cannot find what you are looking for or which program you should apply for, don\\&#8217;t hesitate to contact us. We are happy to help you out!<br>icon<br>icon-comment-line<br><br>20<br>default<br><br>Client Portal<br><a href=\"https:\/\/client.canadaconsultportal.ca\/Login\/Login?siteId=CCP2019361&amp;qlauncher=true#\">https:\/\/client.canadaconsultportal.ca\/Login\/Login?siteId=CCP2019361&amp;qlauncher=true#<\/a><br>center<br>icon-comment-line<br>left<br>2<br><br><\/p>\n","protected":false},"excerpt":{"rendered":"<p>Our services, your options Canada is a great country to study, work and live. There are many immigration programs that meet your needs. Choose the following options for more details. iconicon-flight Learn moreVisit Canada\/en\/your-options\/visit-canada\/ Learn moreStudy in Canada\/en\/your-options\/study-in-canada\/ Learn moreWork in Canada\/en\/your-options\/work-in-canada\/ Learn moreSponsor family members\/en\/your-options\/sponsor-family-members\/ View all services and<span class=\"excerpt-hellip\"> [\u2026]<\/span><\/p>\n","protected":false},"author":2,"featured_media":630,"parent":0,"menu_order":0,"comment_status":"closed","ping_status":"closed","template":"","meta":{"footnotes":""},"class_list":["post-13","page","type-page","status-publish","has-post-thumbnail","hentry"],"yoast_head":"<!-- This site is optimized with the Yoast SEO plugin v27.4 - https:\/\/yoast.com\/product\/yoast-seo-wordpress\/ -->\n<title>Regulated Canadian Immigration Consultant - IGC Immigration<\/title>\n<meta name=\"description\" content=\"IGC Immigration is a Saskatchewan based Canadian immigration firm. IGC helps international students, professionals and business people to immigrate and settle successfully in Canada, for a better future and quality of life.\" \/>\n<meta name=\"robots\" content=\"index, follow, max-snippet:-1, max-image-preview:large, max-video-preview:-1\" \/>\n<link rel=\"canonical\" href=\"https:\/\/www.igocanada.ca\/en\/\" \/>\n<meta property=\"og:locale\" content=\"en_US\" \/>\n<meta property=\"og:type\" content=\"article\" \/>\n<meta property=\"og:title\" content=\"Regulated Canadian Immigration Consultant - IGC Immigration\" \/>\n<meta property=\"og:description\" content=\"IGC Immigration is a Saskatchewan based Canadian immigration firm. IGC helps international students, professionals and business people to immigrate and settle successfully in Canada, for a better future and quality of life.\" \/>\n<meta property=\"og:url\" content=\"https:\/\/www.igocanada.ca\/en\/\" \/>\n<meta property=\"og:site_name\" content=\"IGC Immigration\" \/>\n<meta property=\"article:publisher\" content=\"https:\/\/www.facebook.com\/igocanada.ca\" \/>\n<meta property=\"article:modified_time\" content=\"2021-08-18T02:47:57+00:00\" \/>\n<meta property=\"og:image\" content=\"https:\/\/www.igocanada.ca\/wp-content\/uploads\/2018\/08\/moraine-lake-in-the-rocky-mountains-alberta-P98Z6Z2.jpg\" \/>\n\t<meta property=\"og:image:width\" content=\"1200\" \/>\n\t<meta property=\"og:image:height\" content=\"800\" \/>\n\t<meta property=\"og:image:type\" content=\"image\/jpeg\" \/>\n<meta name=\"twitter:card\" content=\"summary_large_image\" \/>\n<meta name=\"twitter:site\" content=\"@igocanada1\" \/>\n<meta name=\"twitter:label1\" content=\"Est. reading time\" \/>\n\t<meta name=\"twitter:data1\" content=\"2 minutes\" \/>\n<script type=\"application\/ld+json\" class=\"yoast-schema-graph\">{\"@context\":\"https:\\\/\\\/schema.org\",\"@graph\":[{\"@type\":\"WebPage\",\"@id\":\"https:\\\/\\\/www.igocanada.ca\\\/en\\\/\",\"url\":\"https:\\\/\\\/www.igocanada.ca\\\/en\\\/\",\"name\":\"Regulated Canadian Immigration Consultant - IGC Immigration\",\"isPartOf\":{\"@id\":\"https:\\\/\\\/www.igocanada.ca\\\/vi\\\/#website\"},\"primaryImageOfPage\":{\"@id\":\"https:\\\/\\\/www.igocanada.ca\\\/en\\\/#primaryimage\"},\"image\":{\"@id\":\"https:\\\/\\\/www.igocanada.ca\\\/en\\\/#primaryimage\"},\"thumbnailUrl\":\"https:\\\/\\\/www.igocanada.ca\\\/wp-content\\\/uploads\\\/2018\\\/08\\\/moraine-lake-in-the-rocky-mountains-alberta-P98Z6Z2.jpg\",\"datePublished\":\"2018-06-25T08:17:45+00:00\",\"dateModified\":\"2021-08-18T02:47:57+00:00\",\"description\":\"IGC Immigration is a Saskatchewan based Canadian immigration firm. IGC helps international students, professionals and business people to immigrate and settle successfully in Canada, for a better future and quality of life.\",\"breadcrumb\":{\"@id\":\"https:\\\/\\\/www.igocanada.ca\\\/en\\\/#breadcrumb\"},\"inLanguage\":\"en-US\",\"potentialAction\":[{\"@type\":\"ReadAction\",\"target\":[\"https:\\\/\\\/www.igocanada.ca\\\/en\\\/\"]}]},{\"@type\":\"ImageObject\",\"inLanguage\":\"en-US\",\"@id\":\"https:\\\/\\\/www.igocanada.ca\\\/en\\\/#primaryimage\",\"url\":\"https:\\\/\\\/www.igocanada.ca\\\/wp-content\\\/uploads\\\/2018\\\/08\\\/moraine-lake-in-the-rocky-mountains-alberta-P98Z6Z2.jpg\",\"contentUrl\":\"https:\\\/\\\/www.igocanada.ca\\\/wp-content\\\/uploads\\\/2018\\\/08\\\/moraine-lake-in-the-rocky-mountains-alberta-P98Z6Z2.jpg\",\"width\":1200,\"height\":800,\"caption\":\"IGC Immigration\"},{\"@type\":\"BreadcrumbList\",\"@id\":\"https:\\\/\\\/www.igocanada.ca\\\/en\\\/#breadcrumb\",\"itemListElement\":[{\"@type\":\"ListItem\",\"position\":1,\"name\":\"Home\",\"item\":\"https:\\\/\\\/www.igocanada.ca\\\/en\\\/\"},{\"@type\":\"ListItem\",\"position\":2,\"name\":\"Home\"}]},{\"@type\":\"WebSite\",\"@id\":\"https:\\\/\\\/www.igocanada.ca\\\/vi\\\/#website\",\"url\":\"https:\\\/\\\/www.igocanada.ca\\\/vi\\\/\",\"name\":\"IGC Immigration\",\"description\":\"Regulated Canadian Immigration Consultant in Saskatchewan\",\"publisher\":{\"@id\":\"https:\\\/\\\/www.igocanada.ca\\\/vi\\\/#organization\"},\"potentialAction\":[{\"@type\":\"SearchAction\",\"target\":{\"@type\":\"EntryPoint\",\"urlTemplate\":\"https:\\\/\\\/www.igocanada.ca\\\/vi\\\/?s={search_term_string}\"},\"query-input\":{\"@type\":\"PropertyValueSpecification\",\"valueRequired\":true,\"valueName\":\"search_term_string\"}}],\"inLanguage\":\"en-US\"},{\"@type\":\"Organization\",\"@id\":\"https:\\\/\\\/www.igocanada.ca\\\/vi\\\/#organization\",\"name\":\"IGC Immigration\",\"url\":\"https:\\\/\\\/www.igocanada.ca\\\/vi\\\/\",\"logo\":{\"@type\":\"ImageObject\",\"inLanguage\":\"en-US\",\"@id\":\"https:\\\/\\\/www.igocanada.ca\\\/vi\\\/#\\\/schema\\\/logo\\\/image\\\/\",\"url\":\"https:\\\/\\\/www.igocanada.ca\\\/wp-content\\\/uploads\\\/2019\\\/06\\\/Asset-3403x.png\",\"contentUrl\":\"https:\\\/\\\/www.igocanada.ca\\\/wp-content\\\/uploads\\\/2019\\\/06\\\/Asset-3403x.png\",\"width\":1838,\"height\":1838,\"caption\":\"IGC Immigration\"},\"image\":{\"@id\":\"https:\\\/\\\/www.igocanada.ca\\\/vi\\\/#\\\/schema\\\/logo\\\/image\\\/\"},\"sameAs\":[\"https:\\\/\\\/www.facebook.com\\\/igocanada.ca\",\"https:\\\/\\\/x.com\\\/igocanada1\",\"https:\\\/\\\/www.instagram.com\\\/igocanada\\\/\",\"https:\\\/\\\/www.linkedin.com\\\/in\\\/igocanada\\\/\",\"https:\\\/\\\/myspace.com\\\/igocanada\",\"https:\\\/\\\/www.pinterest.ca\\\/igocanada\\\/\",\"https:\\\/\\\/www.youtube.com\\\/channel\\\/UCZI8F-SXYB9L96mgJfVIFOw\"]}]}<\/script>\n<!-- \/ Yoast SEO plugin. -->","yoast_head_json":{"title":"Regulated Canadian Immigration Consultant - IGC Immigration","description":"IGC Immigration is a Saskatchewan based Canadian immigration firm. IGC helps international students, professionals and business people to immigrate and settle successfully in Canada, for a better future and quality of life.","robots":{"index":"index","follow":"follow","max-snippet":"max-snippet:-1","max-image-preview":"max-image-preview:large","max-video-preview":"max-video-preview:-1"},"canonical":"https:\/\/www.igocanada.ca\/en\/","og_locale":"en_US","og_type":"article","og_title":"Regulated Canadian Immigration Consultant - IGC Immigration","og_description":"IGC Immigration is a Saskatchewan based Canadian immigration firm. IGC helps international students, professionals and business people to immigrate and settle successfully in Canada, for a better future and quality of life.","og_url":"https:\/\/www.igocanada.ca\/en\/","og_site_name":"IGC Immigration","article_publisher":"https:\/\/www.facebook.com\/igocanada.ca","article_modified_time":"2021-08-18T02:47:57+00:00","og_image":[{"width":1200,"height":800,"url":"https:\/\/www.igocanada.ca\/wp-content\/uploads\/2018\/08\/moraine-lake-in-the-rocky-mountains-alberta-P98Z6Z2.jpg","type":"image\/jpeg"}],"twitter_card":"summary_large_image","twitter_site":"@igocanada1","twitter_misc":{"Est. reading time":"2 minutes"},"schema":{"@context":"https:\/\/schema.org","@graph":[{"@type":"WebPage","@id":"https:\/\/www.igocanada.ca\/en\/","url":"https:\/\/www.igocanada.ca\/en\/","name":"Regulated Canadian Immigration Consultant - IGC Immigration","isPartOf":{"@id":"https:\/\/www.igocanada.ca\/vi\/#website"},"primaryImageOfPage":{"@id":"https:\/\/www.igocanada.ca\/en\/#primaryimage"},"image":{"@id":"https:\/\/www.igocanada.ca\/en\/#primaryimage"},"thumbnailUrl":"https:\/\/www.igocanada.ca\/wp-content\/uploads\/2018\/08\/moraine-lake-in-the-rocky-mountains-alberta-P98Z6Z2.jpg","datePublished":"2018-06-25T08:17:45+00:00","dateModified":"2021-08-18T02:47:57+00:00","description":"IGC Immigration is a Saskatchewan based Canadian immigration firm. IGC helps international students, professionals and business people to immigrate and settle successfully in Canada, for a better future and quality of life.","breadcrumb":{"@id":"https:\/\/www.igocanada.ca\/en\/#breadcrumb"},"inLanguage":"en-US","potentialAction":[{"@type":"ReadAction","target":["https:\/\/www.igocanada.ca\/en\/"]}]},{"@type":"ImageObject","inLanguage":"en-US","@id":"https:\/\/www.igocanada.ca\/en\/#primaryimage","url":"https:\/\/www.igocanada.ca\/wp-content\/uploads\/2018\/08\/moraine-lake-in-the-rocky-mountains-alberta-P98Z6Z2.jpg","contentUrl":"https:\/\/www.igocanada.ca\/wp-content\/uploads\/2018\/08\/moraine-lake-in-the-rocky-mountains-alberta-P98Z6Z2.jpg","width":1200,"height":800,"caption":"IGC Immigration"},{"@type":"BreadcrumbList","@id":"https:\/\/www.igocanada.ca\/en\/#breadcrumb","itemListElement":[{"@type":"ListItem","position":1,"name":"Home","item":"https:\/\/www.igocanada.ca\/en\/"},{"@type":"ListItem","position":2,"name":"Home"}]},{"@type":"WebSite","@id":"https:\/\/www.igocanada.ca\/vi\/#website","url":"https:\/\/www.igocanada.ca\/vi\/","name":"IGC Immigration","description":"Regulated Canadian Immigration Consultant in Saskatchewan","publisher":{"@id":"https:\/\/www.igocanada.ca\/vi\/#organization"},"potentialAction":[{"@type":"SearchAction","target":{"@type":"EntryPoint","urlTemplate":"https:\/\/www.igocanada.ca\/vi\/?s={search_term_string}"},"query-input":{"@type":"PropertyValueSpecification","valueRequired":true,"valueName":"search_term_string"}}],"inLanguage":"en-US"},{"@type":"Organization","@id":"https:\/\/www.igocanada.ca\/vi\/#organization","name":"IGC Immigration","url":"https:\/\/www.igocanada.ca\/vi\/","logo":{"@type":"ImageObject","inLanguage":"en-US","@id":"https:\/\/www.igocanada.ca\/vi\/#\/schema\/logo\/image\/","url":"https:\/\/www.igocanada.ca\/wp-content\/uploads\/2019\/06\/Asset-3403x.png","contentUrl":"https:\/\/www.igocanada.ca\/wp-content\/uploads\/2019\/06\/Asset-3403x.png","width":1838,"height":1838,"caption":"IGC Immigration"},"image":{"@id":"https:\/\/www.igocanada.ca\/vi\/#\/schema\/logo\/image\/"},"sameAs":["https:\/\/www.facebook.com\/igocanada.ca","https:\/\/x.com\/igocanada1","https:\/\/www.instagram.com\/igocanada\/","https:\/\/www.linkedin.com\/in\/igocanada\/","https:\/\/myspace.com\/igocanada","https:\/\/www.pinterest.ca\/igocanada\/","https:\/\/www.youtube.com\/channel\/UCZI8F-SXYB9L96mgJfVIFOw"]}]}},"_links":{"self":[{"href":"https:\/\/www.igocanada.ca\/en\/wp-json\/wp\/v2\/pages\/13","targetHints":{"allow":["GET"]}}],"collection":[{"href":"https:\/\/www.igocanada.ca\/en\/wp-json\/wp\/v2\/pages"}],"about":[{"href":"https:\/\/www.igocanada.ca\/en\/wp-json\/wp\/v2\/types\/page"}],"author":[{"embeddable":true,"href":"https:\/\/www.igocanada.ca\/en\/wp-json\/wp\/v2\/users\/2"}],"replies":[{"embeddable":true,"href":"https:\/\/www.igocanada.ca\/en\/wp-json\/wp\/v2\/comments?post=13"}],"version-history":[{"count":0,"href":"https:\/\/www.igocanada.ca\/en\/wp-json\/wp\/v2\/pages\/13\/revisions"}],"wp:featuredmedia":[{"embeddable":true,"href":"https:\/\/www.igocanada.ca\/en\/wp-json\/wp\/v2\/media\/630"}],"wp:attachment":[{"href":"https:\/\/www.igocanada.ca\/en\/wp-json\/wp\/v2\/media?parent=13"}],"curies":[{"name":"wp","href":"https:\/\/api.w.org\/{rel}","templated":true}]}}