{"id":439,"date":"2018-06-25T08:17:45","date_gmt":"2018-06-25T14:17:45","guid":{"rendered":"http:\/\/igocanada.ca\/home\/"},"modified":"2022-11-16T21:50:59","modified_gmt":"2022-11-17T03:50:59","slug":"trang-chu","status":"publish","type":"page","link":"https:\/\/www.igocanada.ca\/vi\/","title":{"rendered":"Du H\u1ecdc \u0110\u1ecbnh C\u01b0 \u0110\u1ea7u T\u01b0 Saskatchewan Canada"},"content":{"rendered":"","protected":false},"excerpt":{"rendered":"","protected":false},"author":2,"featured_media":1198,"parent":0,"menu_order":0,"comment_status":"closed","ping_status":"closed","template":"","meta":{"footnotes":""},"class_list":["post-439","page","type-page","status-publish","has-post-thumbnail","hentry"],"yoast_head":"<!-- This site is optimized with the Yoast SEO plugin v27.5 - https:\/\/yoast.com\/product\/yoast-seo-wordpress\/ -->\n<title>T\u01b0 V\u1ea5n Du H\u1ecdc \u0110\u1ecbnh C\u01b0 \u0110\u1ea7u T\u01b0 Saskatchewan Canada - IGC Immigration<\/title>\n<meta name=\"description\" content=\"IGC Immigration l\u00e0 \u0111\u01a1n v\u1ecb \u0111\u01b0\u1ee3c c\u1ea5p gi\u1ea5y ph\u00e9p t\u01b0 v\u1ea5n v\u00e0 \u0111\u1ea1i di\u1ec7n ph\u00e1p l\u00fd l\u00e0m h\u1ed3 s\u01a1 xin du h\u1ecdc Canada, \u0111i l\u00e0m, \u0111\u1ecbnh c\u01b0, \u0111\u1ea7u t\u01b0 t\u1ea1i Canada \u0111\u1eb7c bi\u1ec7t l\u00e0 % Saskatchewan.\" \/>\n<meta name=\"robots\" content=\"index, follow, max-snippet:-1, max-image-preview:large, max-video-preview:-1\" \/>\n<link rel=\"canonical\" href=\"https:\/\/www.igocanada.ca\/vi\/\" \/>\n<meta property=\"og:locale\" content=\"vi_VN\" \/>\n<meta property=\"og:type\" content=\"article\" \/>\n<meta property=\"og:title\" content=\"T\u01b0 V\u1ea5n Du H\u1ecdc \u0110\u1ecbnh C\u01b0 \u0110\u1ea7u T\u01b0 Saskatchewan Canada - IGC Immigration\" \/>\n<meta property=\"og:description\" content=\"IGC Immigration l\u00e0 \u0111\u01a1n v\u1ecb \u0111\u01b0\u1ee3c c\u1ea5p gi\u1ea5y ph\u00e9p t\u01b0 v\u1ea5n v\u00e0 \u0111\u1ea1i di\u1ec7n ph\u00e1p l\u00fd l\u00e0m h\u1ed3 s\u01a1 xin du h\u1ecdc Canada, \u0111i l\u00e0m, \u0111\u1ecbnh c\u01b0, \u0111\u1ea7u t\u01b0 t\u1ea1i Canada \u0111\u1eb7c bi\u1ec7t l\u00e0 % Saskatchewan.\" \/>\n<meta property=\"og:url\" content=\"https:\/\/www.igocanada.ca\/vi\/\" \/>\n<meta property=\"og:site_name\" content=\"IGC Immigration\" \/>\n<meta property=\"article:publisher\" content=\"https:\/\/www.facebook.com\/igocanada.ca\" \/>\n<meta property=\"article:modified_time\" content=\"2022-11-17T03:50:59+00:00\" \/>\n<meta property=\"og:image\" content=\"https:\/\/www.igocanada.ca\/wp-content\/uploads\/2019\/09\/IGC-Immigration-cover.png\" \/>\n\t<meta property=\"og:image:width\" content=\"1200\" \/>\n\t<meta property=\"og:image:height\" content=\"675\" \/>\n\t<meta property=\"og:image:type\" content=\"image\/png\" \/>\n<meta name=\"twitter:card\" content=\"summary_large_image\" \/>\n<meta name=\"twitter:site\" content=\"@igocanada1\" \/>\n<script type=\"application\/ld+json\" class=\"yoast-schema-graph\">{\"@context\":\"https:\\\/\\\/schema.org\",\"@graph\":[{\"@type\":\"WebPage\",\"@id\":\"https:\\\/\\\/www.igocanada.ca\\\/vi\\\/\",\"url\":\"https:\\\/\\\/www.igocanada.ca\\\/vi\\\/\",\"name\":\"T\u01b0 V\u1ea5n Du H\u1ecdc \u0110\u1ecbnh C\u01b0 \u0110\u1ea7u T\u01b0 Saskatchewan Canada - IGC Immigration\",\"isPartOf\":{\"@id\":\"https:\\\/\\\/www.igocanada.ca\\\/vi\\\/#website\"},\"primaryImageOfPage\":{\"@id\":\"https:\\\/\\\/www.igocanada.ca\\\/vi\\\/#primaryimage\"},\"image\":{\"@id\":\"https:\\\/\\\/www.igocanada.ca\\\/vi\\\/#primaryimage\"},\"thumbnailUrl\":\"https:\\\/\\\/www.igocanada.ca\\\/wp-content\\\/uploads\\\/2019\\\/09\\\/IGC-Immigration-cover.png\",\"datePublished\":\"2018-06-25T14:17:45+00:00\",\"dateModified\":\"2022-11-17T03:50:59+00:00\",\"description\":\"IGC Immigration l\u00e0 \u0111\u01a1n v\u1ecb \u0111\u01b0\u1ee3c c\u1ea5p gi\u1ea5y ph\u00e9p t\u01b0 v\u1ea5n v\u00e0 \u0111\u1ea1i di\u1ec7n ph\u00e1p l\u00fd l\u00e0m h\u1ed3 s\u01a1 xin du h\u1ecdc Canada, \u0111i l\u00e0m, \u0111\u1ecbnh c\u01b0, \u0111\u1ea7u t\u01b0 t\u1ea1i Canada \u0111\u1eb7c bi\u1ec7t l\u00e0 % Saskatchewan.\",\"breadcrumb\":{\"@id\":\"https:\\\/\\\/www.igocanada.ca\\\/vi\\\/#breadcrumb\"},\"inLanguage\":\"vi-VN\",\"potentialAction\":[{\"@type\":\"ReadAction\",\"target\":[\"https:\\\/\\\/www.igocanada.ca\\\/vi\\\/\"]}]},{\"@type\":\"ImageObject\",\"inLanguage\":\"vi-VN\",\"@id\":\"https:\\\/\\\/www.igocanada.ca\\\/vi\\\/#primaryimage\",\"url\":\"https:\\\/\\\/www.igocanada.ca\\\/wp-content\\\/uploads\\\/2019\\\/09\\\/IGC-Immigration-cover.png\",\"contentUrl\":\"https:\\\/\\\/www.igocanada.ca\\\/wp-content\\\/uploads\\\/2019\\\/09\\\/IGC-Immigration-cover.png\",\"width\":1200,\"height\":675,\"caption\":\"Du H\u1ecdc Canada \u0111\u1ecbnh c\u01b0 Saskatchewan\"},{\"@type\":\"BreadcrumbList\",\"@id\":\"https:\\\/\\\/www.igocanada.ca\\\/vi\\\/#breadcrumb\",\"itemListElement\":[{\"@type\":\"ListItem\",\"position\":1,\"name\":\"Home\",\"item\":\"https:\\\/\\\/www.igocanada.ca\\\/vi\\\/\"},{\"@type\":\"ListItem\",\"position\":2,\"name\":\"Du H\u1ecdc \u0110\u1ecbnh C\u01b0 \u0110\u1ea7u T\u01b0 Saskatchewan Canada\"}]},{\"@type\":\"WebSite\",\"@id\":\"https:\\\/\\\/www.igocanada.ca\\\/vi\\\/#website\",\"url\":\"https:\\\/\\\/www.igocanada.ca\\\/vi\\\/\",\"name\":\"IGC Immigration\",\"description\":\"Regulated Canadian Immigration Consultant in Saskatchewan\",\"publisher\":{\"@id\":\"https:\\\/\\\/www.igocanada.ca\\\/vi\\\/#organization\"},\"potentialAction\":[{\"@type\":\"SearchAction\",\"target\":{\"@type\":\"EntryPoint\",\"urlTemplate\":\"https:\\\/\\\/www.igocanada.ca\\\/vi\\\/?s={search_term_string}\"},\"query-input\":{\"@type\":\"PropertyValueSpecification\",\"valueRequired\":true,\"valueName\":\"search_term_string\"}}],\"inLanguage\":\"vi-VN\"},{\"@type\":\"Organization\",\"@id\":\"https:\\\/\\\/www.igocanada.ca\\\/vi\\\/#organization\",\"name\":\"IGC Immigration\",\"url\":\"https:\\\/\\\/www.igocanada.ca\\\/vi\\\/\",\"logo\":{\"@type\":\"ImageObject\",\"inLanguage\":\"vi-VN\",\"@id\":\"https:\\\/\\\/www.igocanada.ca\\\/vi\\\/#\\\/schema\\\/logo\\\/image\\\/\",\"url\":\"https:\\\/\\\/www.igocanada.ca\\\/wp-content\\\/uploads\\\/2019\\\/06\\\/Asset-3403x.png\",\"contentUrl\":\"https:\\\/\\\/www.igocanada.ca\\\/wp-content\\\/uploads\\\/2019\\\/06\\\/Asset-3403x.png\",\"width\":1838,\"height\":1838,\"caption\":\"IGC Immigration\"},\"image\":{\"@id\":\"https:\\\/\\\/www.igocanada.ca\\\/vi\\\/#\\\/schema\\\/logo\\\/image\\\/\"},\"sameAs\":[\"https:\\\/\\\/www.facebook.com\\\/igocanada.ca\",\"https:\\\/\\\/x.com\\\/igocanada1\",\"https:\\\/\\\/www.instagram.com\\\/igocanada\\\/\",\"https:\\\/\\\/www.linkedin.com\\\/in\\\/igocanada\\\/\",\"https:\\\/\\\/myspace.com\\\/igocanada\",\"https:\\\/\\\/www.pinterest.ca\\\/igocanada\\\/\",\"https:\\\/\\\/www.youtube.com\\\/channel\\\/UCZI8F-SXYB9L96mgJfVIFOw\"]}]}<\/script>\n<!-- \/ Yoast SEO plugin. -->","yoast_head_json":{"title":"T\u01b0 V\u1ea5n Du H\u1ecdc \u0110\u1ecbnh C\u01b0 \u0110\u1ea7u T\u01b0 Saskatchewan Canada - IGC Immigration","description":"IGC Immigration l\u00e0 \u0111\u01a1n v\u1ecb \u0111\u01b0\u1ee3c c\u1ea5p gi\u1ea5y ph\u00e9p t\u01b0 v\u1ea5n v\u00e0 \u0111\u1ea1i di\u1ec7n ph\u00e1p l\u00fd l\u00e0m h\u1ed3 s\u01a1 xin du h\u1ecdc Canada, \u0111i l\u00e0m, \u0111\u1ecbnh c\u01b0, \u0111\u1ea7u t\u01b0 t\u1ea1i Canada \u0111\u1eb7c bi\u1ec7t l\u00e0 % Saskatchewan.","robots":{"index":"index","follow":"follow","max-snippet":"max-snippet:-1","max-image-preview":"max-image-preview:large","max-video-preview":"max-video-preview:-1"},"canonical":"https:\/\/www.igocanada.ca\/vi\/","og_locale":"vi_VN","og_type":"article","og_title":"T\u01b0 V\u1ea5n Du H\u1ecdc \u0110\u1ecbnh C\u01b0 \u0110\u1ea7u T\u01b0 Saskatchewan Canada - IGC Immigration","og_description":"IGC Immigration l\u00e0 \u0111\u01a1n v\u1ecb \u0111\u01b0\u1ee3c c\u1ea5p gi\u1ea5y ph\u00e9p t\u01b0 v\u1ea5n v\u00e0 \u0111\u1ea1i di\u1ec7n ph\u00e1p l\u00fd l\u00e0m h\u1ed3 s\u01a1 xin du h\u1ecdc Canada, \u0111i l\u00e0m, \u0111\u1ecbnh c\u01b0, \u0111\u1ea7u t\u01b0 t\u1ea1i Canada \u0111\u1eb7c bi\u1ec7t l\u00e0 % Saskatchewan.","og_url":"https:\/\/www.igocanada.ca\/vi\/","og_site_name":"IGC Immigration","article_publisher":"https:\/\/www.facebook.com\/igocanada.ca","article_modified_time":"2022-11-17T03:50:59+00:00","og_image":[{"width":1200,"height":675,"url":"https:\/\/www.igocanada.ca\/wp-content\/uploads\/2019\/09\/IGC-Immigration-cover.png","type":"image\/png"}],"twitter_card":"summary_large_image","twitter_site":"@igocanada1","schema":{"@context":"https:\/\/schema.org","@graph":[{"@type":"WebPage","@id":"https:\/\/www.igocanada.ca\/vi\/","url":"https:\/\/www.igocanada.ca\/vi\/","name":"T\u01b0 V\u1ea5n Du H\u1ecdc \u0110\u1ecbnh C\u01b0 \u0110\u1ea7u T\u01b0 Saskatchewan Canada - IGC Immigration","isPartOf":{"@id":"https:\/\/www.igocanada.ca\/vi\/#website"},"primaryImageOfPage":{"@id":"https:\/\/www.igocanada.ca\/vi\/#primaryimage"},"image":{"@id":"https:\/\/www.igocanada.ca\/vi\/#primaryimage"},"thumbnailUrl":"https:\/\/www.igocanada.ca\/wp-content\/uploads\/2019\/09\/IGC-Immigration-cover.png","datePublished":"2018-06-25T14:17:45+00:00","dateModified":"2022-11-17T03:50:59+00:00","description":"IGC Immigration l\u00e0 \u0111\u01a1n v\u1ecb \u0111\u01b0\u1ee3c c\u1ea5p gi\u1ea5y ph\u00e9p t\u01b0 v\u1ea5n v\u00e0 \u0111\u1ea1i di\u1ec7n ph\u00e1p l\u00fd l\u00e0m h\u1ed3 s\u01a1 xin du h\u1ecdc Canada, \u0111i l\u00e0m, \u0111\u1ecbnh c\u01b0, \u0111\u1ea7u t\u01b0 t\u1ea1i Canada \u0111\u1eb7c bi\u1ec7t l\u00e0 % Saskatchewan.","breadcrumb":{"@id":"https:\/\/www.igocanada.ca\/vi\/#breadcrumb"},"inLanguage":"vi-VN","potentialAction":[{"@type":"ReadAction","target":["https:\/\/www.igocanada.ca\/vi\/"]}]},{"@type":"ImageObject","inLanguage":"vi-VN","@id":"https:\/\/www.igocanada.ca\/vi\/#primaryimage","url":"https:\/\/www.igocanada.ca\/wp-content\/uploads\/2019\/09\/IGC-Immigration-cover.png","contentUrl":"https:\/\/www.igocanada.ca\/wp-content\/uploads\/2019\/09\/IGC-Immigration-cover.png","width":1200,"height":675,"caption":"Du H\u1ecdc Canada \u0111\u1ecbnh c\u01b0 Saskatchewan"},{"@type":"BreadcrumbList","@id":"https:\/\/www.igocanada.ca\/vi\/#breadcrumb","itemListElement":[{"@type":"ListItem","position":1,"name":"Home","item":"https:\/\/www.igocanada.ca\/vi\/"},{"@type":"ListItem","position":2,"name":"Du H\u1ecdc \u0110\u1ecbnh C\u01b0 \u0110\u1ea7u T\u01b0 Saskatchewan Canada"}]},{"@type":"WebSite","@id":"https:\/\/www.igocanada.ca\/vi\/#website","url":"https:\/\/www.igocanada.ca\/vi\/","name":"IGC Immigration","description":"Regulated Canadian Immigration Consultant in Saskatchewan","publisher":{"@id":"https:\/\/www.igocanada.ca\/vi\/#organization"},"potentialAction":[{"@type":"SearchAction","target":{"@type":"EntryPoint","urlTemplate":"https:\/\/www.igocanada.ca\/vi\/?s={search_term_string}"},"query-input":{"@type":"PropertyValueSpecification","valueRequired":true,"valueName":"search_term_string"}}],"inLanguage":"vi-VN"},{"@type":"Organization","@id":"https:\/\/www.igocanada.ca\/vi\/#organization","name":"IGC Immigration","url":"https:\/\/www.igocanada.ca\/vi\/","logo":{"@type":"ImageObject","inLanguage":"vi-VN","@id":"https:\/\/www.igocanada.ca\/vi\/#\/schema\/logo\/image\/","url":"https:\/\/www.igocanada.ca\/wp-content\/uploads\/2019\/06\/Asset-3403x.png","contentUrl":"https:\/\/www.igocanada.ca\/wp-content\/uploads\/2019\/06\/Asset-3403x.png","width":1838,"height":1838,"caption":"IGC Immigration"},"image":{"@id":"https:\/\/www.igocanada.ca\/vi\/#\/schema\/logo\/image\/"},"sameAs":["https:\/\/www.facebook.com\/igocanada.ca","https:\/\/x.com\/igocanada1","https:\/\/www.instagram.com\/igocanada\/","https:\/\/www.linkedin.com\/in\/igocanada\/","https:\/\/myspace.com\/igocanada","https:\/\/www.pinterest.ca\/igocanada\/","https:\/\/www.youtube.com\/channel\/UCZI8F-SXYB9L96mgJfVIFOw"]}]}},"_links":{"self":[{"href":"https:\/\/www.igocanada.ca\/vi\/wp-json\/wp\/v2\/pages\/439","targetHints":{"allow":["GET"]}}],"collection":[{"href":"https:\/\/www.igocanada.ca\/vi\/wp-json\/wp\/v2\/pages"}],"about":[{"href":"https:\/\/www.igocanada.ca\/vi\/wp-json\/wp\/v2\/types\/page"}],"author":[{"embeddable":true,"href":"https:\/\/www.igocanada.ca\/vi\/wp-json\/wp\/v2\/users\/2"}],"replies":[{"embeddable":true,"href":"https:\/\/www.igocanada.ca\/vi\/wp-json\/wp\/v2\/comments?post=439"}],"version-history":[{"count":0,"href":"https:\/\/www.igocanada.ca\/vi\/wp-json\/wp\/v2\/pages\/439\/revisions"}],"wp:featuredmedia":[{"embeddable":true,"href":"https:\/\/www.igocanada.ca\/vi\/wp-json\/wp\/v2\/media\/1198"}],"wp:attachment":[{"href":"https:\/\/www.igocanada.ca\/vi\/wp-json\/wp\/v2\/media?parent=439"}],"curies":[{"name":"wp","href":"https:\/\/api.w.org\/{rel}","templated":true}]}}