{"id":4432,"date":"2020-05-28T22:27:10","date_gmt":"2020-05-29T04:27:10","guid":{"rendered":"https:\/\/www.igocanada.ca\/?page_id=4432"},"modified":"2023-03-23T19:58:57","modified_gmt":"2023-03-24T01:58:57","slug":"dich-vu-cong-chung-tai-regina-saskatchewan","status":"publish","type":"page","link":"https:\/\/www.igocanada.ca\/vi\/dich-vu-cong-chung-tai-regina-saskatchewan\/","title":{"rendered":"D\u1ecbch V\u1ee5 C\u00f4ng Ch\u1ee9ng T\u1ea1i Regina, Saskatchewan"},"content":{"rendered":"\n<p>Trang \u0110\u1ed7 l\u00e0 C\u00f4ng Ch\u1ee9ng Vi\u00ean (Notary Public) c\u1ee7a t\u1ec9nh Saskatchewan v\u00e0 ngo\u00e0i d\u1ecbch v\u1ee5 di tr\u00fa, Trang c\u00f2n cung c\u1ea5p d\u1ecbch v\u1ee5 c\u00f4ng ch\u1ee9ng v\u00e0 ch\u1ee9ng th\u1ef1c c\u00e1c gi\u1ea5y t\u1edd cho nh\u1eefng ai \u0111ang c\u01b0 ng\u1ee5 t\u1ea1i Regina, <a href=\"\/vi\/dich-vu\/dinh-cu-tai-tinh-saskatchewan\/\">Saskatchewan<\/a>.&nbsp;<\/p>\n\n\n\n<h2 class=\"wp-block-heading\">D\u1ecbch v\u1ee5 C\u00f4ng Ch\u1ee9ng\/Ch\u1ee9ng Th\u1ef1c bao g\u1ed3m c\u00e1c gi\u1ea5y t\u1edd sau:<\/h2>\n\n\n\n<ul class=\"wp-block-list\">\n<li>Chuy\u1ec3n Nh\u01b0\u1ee3ng B\u1ea5t \u0110\u1ed9ng S\u1ea3n<\/li>\n\n\n\n<li>Th\u1ebf Ch\u1ea5p&nbsp;B\u1ea5t \u0110\u1ed9ng S\u1ea3n<\/li>\n\n\n\n<li>B\u1ea3n Khai Cam K\u1ebft\/Danh D\u1ef1<\/li>\n\n\n\n<li>Gi\u1ea5y \u1ee6y Quy\u1ec1n<\/li>\n\n\n\n<li>Di Ch\u00fac<\/li>\n\n\n\n<li>Mua B\u00e1n C\u01a1 S\u1edf Th\u01b0\u01a1ng M\u1ea1i<\/li>\n\n\n\n<li>H\u1ee3p \u0110\u1ed3ng Thu\u00ea B\u1ea5t \u0110\u1ed9ng S\u1ea3n<\/li>\n\n\n\n<li>C\u00f4ng Ch\u1ee9ng<\/li>\n\n\n\n<li>Ch\u1ee9ng Th\u1ef1c Ch\u1eef K\u00fd<\/li>\n\n\n\n<li>Sao Y B\u1ea3n G\u1ed1c<\/li>\n\n\n\n<li>H\u1ee3p Th\u1ee9c H\u00f3a V\u0103n Ki\u1ec7n S\u1eed D\u1ee5ng Ngo\u00e0i Canada<\/li>\n\n\n\n<li>\u0110\u01a1n L\u00e0m Th\u1ebb Th\u01b0\u1eddng Tr\u00fa Nh\u00e2n<\/li>\n\n\n\n<li>D\u1ecbch v\u1ee5 l\u00e0m m\u1edbi, gia h\u1ea1n passport Vi\u1ec7t Nam v\u00e0 Canada<\/li>\n\n\n\n<li>Phi\u00ean D\u1ecbch Gi\u1ea5y T\u1edd<\/li>\n\n\n\n<li>Thay \u0110\u1ed5i T\u00ean H\u1ecd<\/li>\n\n\n\n<li>Th\u01b0 M\u1eddi Du L\u1ecbch<\/li>\n\n\n\n<li>Gi\u1ea5y C\u00f4ng H\u00e0m \u0110\u1ecdc Th\u00e2n<\/li>\n\n\n\n<li>Nexus Card Application<\/li>\n<\/ul>\n\n\n\n<h2 class=\"wp-block-heading\">&nbsp;Chi ph\u00ed d\u1ecbch v\u1ee5 c\u00f4ng ch\u1ee9ng t\u1ea1i Regina<\/h2>\n\n\n\n<p>$20 CAD cho m\u1ed9t v\u0103n b\u1ea3n c\u00f4ng ch\u1ee9ng ch\u1eef k\u00fd ho\u1eb7c ch\u1ee9ng th\u1ef1c b\u1ea3n photocopy t\u1eeb b\u1ea3n g\u1ed1c. N\u1ebfu nhi\u1ec1u h\u01a1n 1 v\u0103n b\u1ea3n s\u1ebd t\u00ednh $15 CAD t\u1eeb v\u0103n b\u1ea3n th\u1ee9 2 tr\u1edf \u0111i trong c\u00f9ng m\u1ed9t l\u1ea7n g\u1eb7p C\u00f4ng Ch\u1ee9ng Vi\u00ean.<\/p>\n\n\n\n<h3 class=\"wp-block-heading\">C\u00f4ng ch\u1ee9ng t\u1ea1i nh\u00e0 &#8211; mobile notary public<\/h3>\n\n\n\n<p>C\u00f4ng Ch\u1ee9ng Vi\u00ean c\u00f3 cung c\u1ea5p d\u1ecbch v\u1ee5 c\u00f4ng ch\u1ee9ng di \u0111\u1ed9ng (<strong>mobile notary public<\/strong>), t\u1ee9c l\u00e0 C\u00f4ng Ch\u1ee9ng Vi\u00ean c\u00f3 th\u1ec3 g\u1eb7p kh\u00e1ch h\u00e0ng \u0111\u1ec3 l\u00e0m d\u1ecbch v\u1ee5 c\u00f4ng ch\u1ee9ng t\u1ea1i nh\u00e0 hay m\u1ed9t n\u01a1i c\u00f4ng c\u1ed9ng n\u00e0o \u0111\u00f3 theo y\u00eau c\u1ea7u c\u1ee7a kh\u00e1ch h\u00e0ng. Gi\u1edbi h\u1ea1n trong khu v\u1ef1c th\u00e0nh ph\u1ed1 Regina. <\/p>\n\n\n\n<p>V\u1edbi d\u1ecbch v\u1ee5 n\u00e0y, ph\u00ed c\u00f4ng ch\u1ee9ng s\u1ebd l\u00e0 $30 cho m\u1ed9t v\u0103n b\u1ea3n c\u00f4ng ch\u1ee9ng ch\u1eef k\u00fd ho\u1eb7c ch\u1ee9ng th\u1ef1c b\u1ea3n photocopy t\u1eeb b\u1ea3n g\u1ed1c. N\u1ebfu nhi\u1ec1u h\u01a1n 1 v\u0103n b\u1ea3n s\u1ebd t\u00ednh $20 CAD t\u1eeb v\u0103n b\u1ea3n th\u1ee9 2 tr\u1edf \u0111i trong c\u00f9ng m\u1ed9t l\u1ea7n g\u1eb7p C\u00f4ng Ch\u1ee9ng Vi\u00ean.<\/p>\n\n\n\n<p>N\u1ebfu kh\u00e1ch h\u00e0ng c\u1ea7n ch\u00fang t\u00f4i so\u1ea1n th\u1ea3o v\u00e0 in v\u0103n b\u1ea3n cho kh\u00e1ch h\u00e0ng, ch\u00fang t\u00f4i s\u1ebd t\u00ednh th\u00eam ph\u00ed. Xin li\u00ean h\u1ec7 tr\u1ef1c ti\u1ebfp \u0111\u1ec3 nh\u1eadn \u0111\u01b0\u1ee3c ph\u00ed ch\u00ednh th\u1ee9c.<\/p>\n\n\n\n<h2 class=\"wp-block-heading\">V\u0103n ph\u00f2ng c\u00f4ng ch\u1ee9ng IGC Immigraiton<\/h2>\n\n\n\n<ul class=\"wp-block-list\">\n<li>419 Fairway Rd, Regina, Saskatchewan, S4Y 1A1, Canada<\/li>\n\n\n\n<li>Hotline: +1 306-994-8686<\/li>\n\n\n\n<li>www.igocanada.ca<\/li>\n\n\n\n<li>L\u00e0m vi\u1ec7c: Th\u1ee9 Hai \u2013 Th\u1ee9 B\u1ea3y (10:00 \u2013 19:00)<\/li>\n<\/ul>\n\n\n\n<p>Ch\u00fang t\u00f4i c\u00f3 th\u1ec3 nh\u1eadn ph\u00ed b\u1eb1ng ti\u1ec1n m\u1eb7t ho\u1eb7c kh\u00e1ch h\u00e0ng c\u00f3 th\u1ec3 e-transfer \u0111\u1ebfn email hello@igocanada.ca<\/p>\n","protected":false},"excerpt":{"rendered":"<p>Trang \u0110\u1ed7 l\u00e0 C\u00f4ng Ch\u1ee9ng Vi\u00ean (Notary Public) c\u1ee7a t\u1ec9nh Saskatchewan v\u00e0 ngo\u00e0i d\u1ecbch v\u1ee5 di tr\u00fa, Trang c\u00f2n cung c\u1ea5p d\u1ecbch v\u1ee5 c\u00f4ng ch\u1ee9ng v\u00e0 ch\u1ee9ng th\u1ef1c c\u00e1c gi\u1ea5y t\u1edd cho nh\u1eefng ai \u0111ang c\u01b0 ng\u1ee5 t\u1ea1i Regina, Saskatchewan.&nbsp; D\u1ecbch v\u1ee5 C\u00f4ng Ch\u1ee9ng\/Ch\u1ee9ng Th\u1ef1c bao g\u1ed3m c\u00e1c gi\u1ea5y t\u1edd<span class=\"excerpt-hellip\"> [\u2026]<\/span><\/p>\n","protected":false},"author":2,"featured_media":4277,"parent":0,"menu_order":0,"comment_status":"closed","ping_status":"closed","template":"","meta":{"footnotes":""},"class_list":["post-4432","page","type-page","status-publish","has-post-thumbnail","hentry"],"yoast_head":"<!-- This site is optimized with the Yoast SEO plugin v27.5 - https:\/\/yoast.com\/product\/yoast-seo-wordpress\/ -->\n<title>D\u1ecbch V\u1ee5 C\u00f4ng Ch\u1ee9ng T\u1ea1i Regina, Saskatchewan - IGC Immigration<\/title>\n<meta name=\"description\" content=\"V\u0103n ph\u00f2ng c\u00f4ng ch\u1ee9ng t\u1ea1i t\u1ec9nh Saskatchewan Canada. Cung c\u1ea5p d\u1ecbch v\u1ee5 c\u00f4ng ch\u1ee9ng v\u00e0 ch\u1ee9ng th\u1ef1c c\u00e1c gi\u1ea5y t\u1edd cho nh\u1eefng ai \u0111ang c\u01b0 ng\u1ee5 t\u1ea1i Regina, Saskatchewan.\" \/>\n<meta name=\"robots\" content=\"index, follow, max-snippet:-1, max-image-preview:large, max-video-preview:-1\" \/>\n<link rel=\"canonical\" href=\"https:\/\/www.igocanada.ca\/vi\/dich-vu-cong-chung-tai-regina-saskatchewan\/\" \/>\n<meta property=\"og:locale\" content=\"vi_VN\" \/>\n<meta property=\"og:type\" content=\"article\" \/>\n<meta property=\"og:title\" content=\"D\u1ecbch V\u1ee5 C\u00f4ng Ch\u1ee9ng T\u1ea1i Regina, Saskatchewan - IGC Immigration\" \/>\n<meta property=\"og:description\" content=\"V\u0103n ph\u00f2ng c\u00f4ng ch\u1ee9ng t\u1ea1i t\u1ec9nh Saskatchewan Canada. Cung c\u1ea5p d\u1ecbch v\u1ee5 c\u00f4ng ch\u1ee9ng v\u00e0 ch\u1ee9ng th\u1ef1c c\u00e1c gi\u1ea5y t\u1edd cho nh\u1eefng ai \u0111ang c\u01b0 ng\u1ee5 t\u1ea1i Regina, Saskatchewan.\" \/>\n<meta property=\"og:url\" content=\"https:\/\/www.igocanada.ca\/vi\/dich-vu-cong-chung-tai-regina-saskatchewan\/\" \/>\n<meta property=\"og:site_name\" content=\"IGC Immigration\" \/>\n<meta property=\"article:publisher\" content=\"https:\/\/www.facebook.com\/igocanada.ca\" \/>\n<meta property=\"article:modified_time\" content=\"2023-03-24T01:58:57+00:00\" \/>\n<meta property=\"og:image\" content=\"https:\/\/www.igocanada.ca\/wp-content\/uploads\/2020\/05\/Notary-Public-Regina-Sk.jpeg\" \/>\n\t<meta property=\"og:image:width\" content=\"1024\" \/>\n\t<meta property=\"og:image:height\" content=\"683\" \/>\n\t<meta property=\"og:image:type\" content=\"image\/jpeg\" \/>\n<meta name=\"twitter:card\" content=\"summary_large_image\" \/>\n<meta name=\"twitter:site\" content=\"@igocanada1\" \/>\n<meta name=\"twitter:label1\" content=\"Est. reading time\" \/>\n\t<meta name=\"twitter:data1\" content=\"3 minutes\" \/>\n<script type=\"application\/ld+json\" class=\"yoast-schema-graph\">{\"@context\":\"https:\\\/\\\/schema.org\",\"@graph\":[{\"@type\":\"WebPage\",\"@id\":\"https:\\\/\\\/www.igocanada.ca\\\/vi\\\/dich-vu-cong-chung-tai-regina-saskatchewan\\\/\",\"url\":\"https:\\\/\\\/www.igocanada.ca\\\/vi\\\/dich-vu-cong-chung-tai-regina-saskatchewan\\\/\",\"name\":\"D\u1ecbch V\u1ee5 C\u00f4ng Ch\u1ee9ng T\u1ea1i Regina, Saskatchewan - IGC Immigration\",\"isPartOf\":{\"@id\":\"https:\\\/\\\/www.igocanada.ca\\\/vi\\\/#website\"},\"primaryImageOfPage\":{\"@id\":\"https:\\\/\\\/www.igocanada.ca\\\/vi\\\/dich-vu-cong-chung-tai-regina-saskatchewan\\\/#primaryimage\"},\"image\":{\"@id\":\"https:\\\/\\\/www.igocanada.ca\\\/vi\\\/dich-vu-cong-chung-tai-regina-saskatchewan\\\/#primaryimage\"},\"thumbnailUrl\":\"https:\\\/\\\/www.igocanada.ca\\\/wp-content\\\/uploads\\\/2020\\\/05\\\/Notary-Public-Regina-Sk.jpeg\",\"datePublished\":\"2020-05-29T04:27:10+00:00\",\"dateModified\":\"2023-03-24T01:58:57+00:00\",\"description\":\"V\u0103n ph\u00f2ng c\u00f4ng ch\u1ee9ng t\u1ea1i t\u1ec9nh Saskatchewan Canada. Cung c\u1ea5p d\u1ecbch v\u1ee5 c\u00f4ng ch\u1ee9ng v\u00e0 ch\u1ee9ng th\u1ef1c c\u00e1c gi\u1ea5y t\u1edd cho nh\u1eefng ai \u0111ang c\u01b0 ng\u1ee5 t\u1ea1i Regina, Saskatchewan.\",\"breadcrumb\":{\"@id\":\"https:\\\/\\\/www.igocanada.ca\\\/vi\\\/dich-vu-cong-chung-tai-regina-saskatchewan\\\/#breadcrumb\"},\"inLanguage\":\"vi-VN\",\"potentialAction\":[{\"@type\":\"ReadAction\",\"target\":[\"https:\\\/\\\/www.igocanada.ca\\\/vi\\\/dich-vu-cong-chung-tai-regina-saskatchewan\\\/\"]}]},{\"@type\":\"ImageObject\",\"inLanguage\":\"vi-VN\",\"@id\":\"https:\\\/\\\/www.igocanada.ca\\\/vi\\\/dich-vu-cong-chung-tai-regina-saskatchewan\\\/#primaryimage\",\"url\":\"https:\\\/\\\/www.igocanada.ca\\\/wp-content\\\/uploads\\\/2020\\\/05\\\/Notary-Public-Regina-Sk.jpeg\",\"contentUrl\":\"https:\\\/\\\/www.igocanada.ca\\\/wp-content\\\/uploads\\\/2020\\\/05\\\/Notary-Public-Regina-Sk.jpeg\",\"width\":1024,\"height\":683,\"caption\":\"Notary Public Regina SK\"},{\"@type\":\"BreadcrumbList\",\"@id\":\"https:\\\/\\\/www.igocanada.ca\\\/vi\\\/dich-vu-cong-chung-tai-regina-saskatchewan\\\/#breadcrumb\",\"itemListElement\":[{\"@type\":\"ListItem\",\"position\":1,\"name\":\"Home\",\"item\":\"https:\\\/\\\/www.igocanada.ca\\\/vi\\\/\"},{\"@type\":\"ListItem\",\"position\":2,\"name\":\"D\u1ecbch V\u1ee5 C\u00f4ng Ch\u1ee9ng T\u1ea1i Regina, Saskatchewan\"}]},{\"@type\":\"WebSite\",\"@id\":\"https:\\\/\\\/www.igocanada.ca\\\/vi\\\/#website\",\"url\":\"https:\\\/\\\/www.igocanada.ca\\\/vi\\\/\",\"name\":\"IGC Immigration\",\"description\":\"Regulated Canadian Immigration Consultant in Saskatchewan\",\"publisher\":{\"@id\":\"https:\\\/\\\/www.igocanada.ca\\\/vi\\\/#organization\"},\"potentialAction\":[{\"@type\":\"SearchAction\",\"target\":{\"@type\":\"EntryPoint\",\"urlTemplate\":\"https:\\\/\\\/www.igocanada.ca\\\/vi\\\/?s={search_term_string}\"},\"query-input\":{\"@type\":\"PropertyValueSpecification\",\"valueRequired\":true,\"valueName\":\"search_term_string\"}}],\"inLanguage\":\"vi-VN\"},{\"@type\":\"Organization\",\"@id\":\"https:\\\/\\\/www.igocanada.ca\\\/vi\\\/#organization\",\"name\":\"IGC Immigration\",\"url\":\"https:\\\/\\\/www.igocanada.ca\\\/vi\\\/\",\"logo\":{\"@type\":\"ImageObject\",\"inLanguage\":\"vi-VN\",\"@id\":\"https:\\\/\\\/www.igocanada.ca\\\/vi\\\/#\\\/schema\\\/logo\\\/image\\\/\",\"url\":\"https:\\\/\\\/www.igocanada.ca\\\/wp-content\\\/uploads\\\/2019\\\/06\\\/Asset-3403x.png\",\"contentUrl\":\"https:\\\/\\\/www.igocanada.ca\\\/wp-content\\\/uploads\\\/2019\\\/06\\\/Asset-3403x.png\",\"width\":1838,\"height\":1838,\"caption\":\"IGC Immigration\"},\"image\":{\"@id\":\"https:\\\/\\\/www.igocanada.ca\\\/vi\\\/#\\\/schema\\\/logo\\\/image\\\/\"},\"sameAs\":[\"https:\\\/\\\/www.facebook.com\\\/igocanada.ca\",\"https:\\\/\\\/x.com\\\/igocanada1\",\"https:\\\/\\\/www.instagram.com\\\/igocanada\\\/\",\"https:\\\/\\\/www.linkedin.com\\\/in\\\/igocanada\\\/\",\"https:\\\/\\\/myspace.com\\\/igocanada\",\"https:\\\/\\\/www.pinterest.ca\\\/igocanada\\\/\",\"https:\\\/\\\/www.youtube.com\\\/channel\\\/UCZI8F-SXYB9L96mgJfVIFOw\"]}]}<\/script>\n<!-- \/ Yoast SEO plugin. -->","yoast_head_json":{"title":"D\u1ecbch V\u1ee5 C\u00f4ng Ch\u1ee9ng T\u1ea1i Regina, Saskatchewan - IGC Immigration","description":"V\u0103n ph\u00f2ng c\u00f4ng ch\u1ee9ng t\u1ea1i t\u1ec9nh Saskatchewan Canada. Cung c\u1ea5p d\u1ecbch v\u1ee5 c\u00f4ng ch\u1ee9ng v\u00e0 ch\u1ee9ng th\u1ef1c c\u00e1c gi\u1ea5y t\u1edd cho nh\u1eefng ai \u0111ang c\u01b0 ng\u1ee5 t\u1ea1i Regina, Saskatchewan.","robots":{"index":"index","follow":"follow","max-snippet":"max-snippet:-1","max-image-preview":"max-image-preview:large","max-video-preview":"max-video-preview:-1"},"canonical":"https:\/\/www.igocanada.ca\/vi\/dich-vu-cong-chung-tai-regina-saskatchewan\/","og_locale":"vi_VN","og_type":"article","og_title":"D\u1ecbch V\u1ee5 C\u00f4ng Ch\u1ee9ng T\u1ea1i Regina, Saskatchewan - IGC Immigration","og_description":"V\u0103n ph\u00f2ng c\u00f4ng ch\u1ee9ng t\u1ea1i t\u1ec9nh Saskatchewan Canada. Cung c\u1ea5p d\u1ecbch v\u1ee5 c\u00f4ng ch\u1ee9ng v\u00e0 ch\u1ee9ng th\u1ef1c c\u00e1c gi\u1ea5y t\u1edd cho nh\u1eefng ai \u0111ang c\u01b0 ng\u1ee5 t\u1ea1i Regina, Saskatchewan.","og_url":"https:\/\/www.igocanada.ca\/vi\/dich-vu-cong-chung-tai-regina-saskatchewan\/","og_site_name":"IGC Immigration","article_publisher":"https:\/\/www.facebook.com\/igocanada.ca","article_modified_time":"2023-03-24T01:58:57+00:00","og_image":[{"width":1024,"height":683,"url":"https:\/\/www.igocanada.ca\/wp-content\/uploads\/2020\/05\/Notary-Public-Regina-Sk.jpeg","type":"image\/jpeg"}],"twitter_card":"summary_large_image","twitter_site":"@igocanada1","twitter_misc":{"Est. reading time":"3 minutes"},"schema":{"@context":"https:\/\/schema.org","@graph":[{"@type":"WebPage","@id":"https:\/\/www.igocanada.ca\/vi\/dich-vu-cong-chung-tai-regina-saskatchewan\/","url":"https:\/\/www.igocanada.ca\/vi\/dich-vu-cong-chung-tai-regina-saskatchewan\/","name":"D\u1ecbch V\u1ee5 C\u00f4ng Ch\u1ee9ng T\u1ea1i Regina, Saskatchewan - IGC Immigration","isPartOf":{"@id":"https:\/\/www.igocanada.ca\/vi\/#website"},"primaryImageOfPage":{"@id":"https:\/\/www.igocanada.ca\/vi\/dich-vu-cong-chung-tai-regina-saskatchewan\/#primaryimage"},"image":{"@id":"https:\/\/www.igocanada.ca\/vi\/dich-vu-cong-chung-tai-regina-saskatchewan\/#primaryimage"},"thumbnailUrl":"https:\/\/www.igocanada.ca\/wp-content\/uploads\/2020\/05\/Notary-Public-Regina-Sk.jpeg","datePublished":"2020-05-29T04:27:10+00:00","dateModified":"2023-03-24T01:58:57+00:00","description":"V\u0103n ph\u00f2ng c\u00f4ng ch\u1ee9ng t\u1ea1i t\u1ec9nh Saskatchewan Canada. Cung c\u1ea5p d\u1ecbch v\u1ee5 c\u00f4ng ch\u1ee9ng v\u00e0 ch\u1ee9ng th\u1ef1c c\u00e1c gi\u1ea5y t\u1edd cho nh\u1eefng ai \u0111ang c\u01b0 ng\u1ee5 t\u1ea1i Regina, Saskatchewan.","breadcrumb":{"@id":"https:\/\/www.igocanada.ca\/vi\/dich-vu-cong-chung-tai-regina-saskatchewan\/#breadcrumb"},"inLanguage":"vi-VN","potentialAction":[{"@type":"ReadAction","target":["https:\/\/www.igocanada.ca\/vi\/dich-vu-cong-chung-tai-regina-saskatchewan\/"]}]},{"@type":"ImageObject","inLanguage":"vi-VN","@id":"https:\/\/www.igocanada.ca\/vi\/dich-vu-cong-chung-tai-regina-saskatchewan\/#primaryimage","url":"https:\/\/www.igocanada.ca\/wp-content\/uploads\/2020\/05\/Notary-Public-Regina-Sk.jpeg","contentUrl":"https:\/\/www.igocanada.ca\/wp-content\/uploads\/2020\/05\/Notary-Public-Regina-Sk.jpeg","width":1024,"height":683,"caption":"Notary Public Regina SK"},{"@type":"BreadcrumbList","@id":"https:\/\/www.igocanada.ca\/vi\/dich-vu-cong-chung-tai-regina-saskatchewan\/#breadcrumb","itemListElement":[{"@type":"ListItem","position":1,"name":"Home","item":"https:\/\/www.igocanada.ca\/vi\/"},{"@type":"ListItem","position":2,"name":"D\u1ecbch V\u1ee5 C\u00f4ng Ch\u1ee9ng T\u1ea1i Regina, Saskatchewan"}]},{"@type":"WebSite","@id":"https:\/\/www.igocanada.ca\/vi\/#website","url":"https:\/\/www.igocanada.ca\/vi\/","name":"IGC Immigration","description":"Regulated Canadian Immigration Consultant in Saskatchewan","publisher":{"@id":"https:\/\/www.igocanada.ca\/vi\/#organization"},"potentialAction":[{"@type":"SearchAction","target":{"@type":"EntryPoint","urlTemplate":"https:\/\/www.igocanada.ca\/vi\/?s={search_term_string}"},"query-input":{"@type":"PropertyValueSpecification","valueRequired":true,"valueName":"search_term_string"}}],"inLanguage":"vi-VN"},{"@type":"Organization","@id":"https:\/\/www.igocanada.ca\/vi\/#organization","name":"IGC Immigration","url":"https:\/\/www.igocanada.ca\/vi\/","logo":{"@type":"ImageObject","inLanguage":"vi-VN","@id":"https:\/\/www.igocanada.ca\/vi\/#\/schema\/logo\/image\/","url":"https:\/\/www.igocanada.ca\/wp-content\/uploads\/2019\/06\/Asset-3403x.png","contentUrl":"https:\/\/www.igocanada.ca\/wp-content\/uploads\/2019\/06\/Asset-3403x.png","width":1838,"height":1838,"caption":"IGC Immigration"},"image":{"@id":"https:\/\/www.igocanada.ca\/vi\/#\/schema\/logo\/image\/"},"sameAs":["https:\/\/www.facebook.com\/igocanada.ca","https:\/\/x.com\/igocanada1","https:\/\/www.instagram.com\/igocanada\/","https:\/\/www.linkedin.com\/in\/igocanada\/","https:\/\/myspace.com\/igocanada","https:\/\/www.pinterest.ca\/igocanada\/","https:\/\/www.youtube.com\/channel\/UCZI8F-SXYB9L96mgJfVIFOw"]}]}},"_links":{"self":[{"href":"https:\/\/www.igocanada.ca\/vi\/wp-json\/wp\/v2\/pages\/4432","targetHints":{"allow":["GET"]}}],"collection":[{"href":"https:\/\/www.igocanada.ca\/vi\/wp-json\/wp\/v2\/pages"}],"about":[{"href":"https:\/\/www.igocanada.ca\/vi\/wp-json\/wp\/v2\/types\/page"}],"author":[{"embeddable":true,"href":"https:\/\/www.igocanada.ca\/vi\/wp-json\/wp\/v2\/users\/2"}],"replies":[{"embeddable":true,"href":"https:\/\/www.igocanada.ca\/vi\/wp-json\/wp\/v2\/comments?post=4432"}],"version-history":[{"count":0,"href":"https:\/\/www.igocanada.ca\/vi\/wp-json\/wp\/v2\/pages\/4432\/revisions"}],"wp:featuredmedia":[{"embeddable":true,"href":"https:\/\/www.igocanada.ca\/vi\/wp-json\/wp\/v2\/media\/4277"}],"wp:attachment":[{"href":"https:\/\/www.igocanada.ca\/vi\/wp-json\/wp\/v2\/media?parent=4432"}],"curies":[{"name":"wp","href":"https:\/\/api.w.org\/{rel}","templated":true}]}}