{"id":555,"date":"2018-06-30T04:54:40","date_gmt":"2018-06-30T10:54:40","guid":{"rendered":"http:\/\/igocanada.ca\/permanently-live-in-saskatchewan\/"},"modified":"2023-11-07T02:57:28","modified_gmt":"2023-11-07T08:57:28","slug":"dinh-cu-tai-tinh-saskatchewan","status":"publish","type":"page","link":"https:\/\/www.igocanada.ca\/vi\/dich-vu\/dinh-cu-tai-tinh-saskatchewan\/","title":{"rendered":"\u0110\u1ecbnh C\u01b0 T\u1ea1i T\u1ec9nh Saskatchewan SINP"},"content":{"rendered":"","protected":false},"excerpt":{"rendered":"","protected":false},"author":2,"featured_media":0,"parent":561,"menu_order":0,"comment_status":"closed","ping_status":"closed","template":"","meta":{"footnotes":""},"class_list":["post-555","page","type-page","status-publish","hentry"],"yoast_head":"<!-- This site is optimized with the Yoast SEO plugin v27.5 - https:\/\/yoast.com\/product\/yoast-seo-wordpress\/ -->\n<title>\u0110\u1ecbnh C\u01b0 T\u1ea1i T\u1ec9nh Saskatchewan SINP - IGC Immigration<\/title>\n<meta name=\"description\" content=\"Di\u1ec7n lao \u0111\u1ed9ng c\u00f3 tay ngh\u1ec1 thu\u1ed9c Ch\u01b0\u01a1ng tr\u00ecnh SINP d\u00e0nh cho c\u00e1c lao \u0111\u1ed9ng tay ngh\u1ec1 mu\u1ed1n l\u00e0m vi\u1ec7c v\u00e0 \u0111\u1ecbnh c\u01b0 \u1edf Saskatchewan.\" \/>\n<meta name=\"robots\" content=\"index, follow, max-snippet:-1, max-image-preview:large, max-video-preview:-1\" \/>\n<link rel=\"canonical\" href=\"https:\/\/www.igocanada.ca\/vi\/dich-vu\/dinh-cu-tai-tinh-saskatchewan\/\" \/>\n<meta property=\"og:locale\" content=\"vi_VN\" \/>\n<meta property=\"og:type\" content=\"article\" \/>\n<meta property=\"og:title\" content=\"\u0110\u1ecbnh C\u01b0 T\u1ea1i T\u1ec9nh Saskatchewan SINP - IGC Immigration\" \/>\n<meta property=\"og:description\" content=\"Di\u1ec7n lao \u0111\u1ed9ng c\u00f3 tay ngh\u1ec1 thu\u1ed9c Ch\u01b0\u01a1ng tr\u00ecnh SINP d\u00e0nh cho c\u00e1c lao \u0111\u1ed9ng tay ngh\u1ec1 mu\u1ed1n l\u00e0m vi\u1ec7c v\u00e0 \u0111\u1ecbnh c\u01b0 \u1edf Saskatchewan.\" \/>\n<meta property=\"og:url\" content=\"https:\/\/www.igocanada.ca\/vi\/dich-vu\/dinh-cu-tai-tinh-saskatchewan\/\" \/>\n<meta property=\"og:site_name\" content=\"IGC Immigration\" \/>\n<meta property=\"article:publisher\" content=\"https:\/\/www.facebook.com\/igocanada.ca\" \/>\n<meta property=\"article:modified_time\" content=\"2023-11-07T08:57:28+00:00\" \/>\n<meta name=\"twitter:card\" content=\"summary_large_image\" \/>\n<meta name=\"twitter:site\" content=\"@igocanada1\" \/>\n<script type=\"application\/ld+json\" class=\"yoast-schema-graph\">{\"@context\":\"https:\\\/\\\/schema.org\",\"@graph\":[{\"@type\":\"WebPage\",\"@id\":\"https:\\\/\\\/www.igocanada.ca\\\/vi\\\/dich-vu\\\/dinh-cu-tai-tinh-saskatchewan\\\/\",\"url\":\"https:\\\/\\\/www.igocanada.ca\\\/vi\\\/dich-vu\\\/dinh-cu-tai-tinh-saskatchewan\\\/\",\"name\":\"\u0110\u1ecbnh C\u01b0 T\u1ea1i T\u1ec9nh Saskatchewan SINP - IGC Immigration\",\"isPartOf\":{\"@id\":\"https:\\\/\\\/www.igocanada.ca\\\/vi\\\/#website\"},\"datePublished\":\"2018-06-30T10:54:40+00:00\",\"dateModified\":\"2023-11-07T08:57:28+00:00\",\"description\":\"Di\u1ec7n lao \u0111\u1ed9ng c\u00f3 tay ngh\u1ec1 thu\u1ed9c Ch\u01b0\u01a1ng tr\u00ecnh SINP d\u00e0nh cho c\u00e1c lao \u0111\u1ed9ng tay ngh\u1ec1 mu\u1ed1n l\u00e0m vi\u1ec7c v\u00e0 \u0111\u1ecbnh c\u01b0 \u1edf Saskatchewan.\",\"breadcrumb\":{\"@id\":\"https:\\\/\\\/www.igocanada.ca\\\/vi\\\/dich-vu\\\/dinh-cu-tai-tinh-saskatchewan\\\/#breadcrumb\"},\"inLanguage\":\"vi-VN\",\"potentialAction\":[{\"@type\":\"ReadAction\",\"target\":[\"https:\\\/\\\/www.igocanada.ca\\\/vi\\\/dich-vu\\\/dinh-cu-tai-tinh-saskatchewan\\\/\"]}]},{\"@type\":\"BreadcrumbList\",\"@id\":\"https:\\\/\\\/www.igocanada.ca\\\/vi\\\/dich-vu\\\/dinh-cu-tai-tinh-saskatchewan\\\/#breadcrumb\",\"itemListElement\":[{\"@type\":\"ListItem\",\"position\":1,\"name\":\"Home\",\"item\":\"https:\\\/\\\/www.igocanada.ca\\\/vi\\\/\"},{\"@type\":\"ListItem\",\"position\":2,\"name\":\"D\u1ecbch V\u1ee5\",\"item\":\"https:\\\/\\\/www.igocanada.ca\\\/vi\\\/dich-vu\\\/\"},{\"@type\":\"ListItem\",\"position\":3,\"name\":\"\u0110\u1ecbnh C\u01b0 T\u1ea1i T\u1ec9nh Saskatchewan SINP\"}]},{\"@type\":\"WebSite\",\"@id\":\"https:\\\/\\\/www.igocanada.ca\\\/vi\\\/#website\",\"url\":\"https:\\\/\\\/www.igocanada.ca\\\/vi\\\/\",\"name\":\"IGC Immigration\",\"description\":\"Regulated Canadian Immigration Consultant in Saskatchewan\",\"publisher\":{\"@id\":\"https:\\\/\\\/www.igocanada.ca\\\/vi\\\/#organization\"},\"potentialAction\":[{\"@type\":\"SearchAction\",\"target\":{\"@type\":\"EntryPoint\",\"urlTemplate\":\"https:\\\/\\\/www.igocanada.ca\\\/vi\\\/?s={search_term_string}\"},\"query-input\":{\"@type\":\"PropertyValueSpecification\",\"valueRequired\":true,\"valueName\":\"search_term_string\"}}],\"inLanguage\":\"vi-VN\"},{\"@type\":\"Organization\",\"@id\":\"https:\\\/\\\/www.igocanada.ca\\\/vi\\\/#organization\",\"name\":\"IGC Immigration\",\"url\":\"https:\\\/\\\/www.igocanada.ca\\\/vi\\\/\",\"logo\":{\"@type\":\"ImageObject\",\"inLanguage\":\"vi-VN\",\"@id\":\"https:\\\/\\\/www.igocanada.ca\\\/vi\\\/#\\\/schema\\\/logo\\\/image\\\/\",\"url\":\"https:\\\/\\\/www.igocanada.ca\\\/wp-content\\\/uploads\\\/2019\\\/06\\\/Asset-3403x.png\",\"contentUrl\":\"https:\\\/\\\/www.igocanada.ca\\\/wp-content\\\/uploads\\\/2019\\\/06\\\/Asset-3403x.png\",\"width\":1838,\"height\":1838,\"caption\":\"IGC Immigration\"},\"image\":{\"@id\":\"https:\\\/\\\/www.igocanada.ca\\\/vi\\\/#\\\/schema\\\/logo\\\/image\\\/\"},\"sameAs\":[\"https:\\\/\\\/www.facebook.com\\\/igocanada.ca\",\"https:\\\/\\\/x.com\\\/igocanada1\",\"https:\\\/\\\/www.instagram.com\\\/igocanada\\\/\",\"https:\\\/\\\/www.linkedin.com\\\/in\\\/igocanada\\\/\",\"https:\\\/\\\/myspace.com\\\/igocanada\",\"https:\\\/\\\/www.pinterest.ca\\\/igocanada\\\/\",\"https:\\\/\\\/www.youtube.com\\\/channel\\\/UCZI8F-SXYB9L96mgJfVIFOw\"]}]}<\/script>\n<!-- \/ Yoast SEO plugin. -->","yoast_head_json":{"title":"\u0110\u1ecbnh C\u01b0 T\u1ea1i T\u1ec9nh Saskatchewan SINP - IGC Immigration","description":"Di\u1ec7n lao \u0111\u1ed9ng c\u00f3 tay ngh\u1ec1 thu\u1ed9c Ch\u01b0\u01a1ng tr\u00ecnh SINP d\u00e0nh cho c\u00e1c lao \u0111\u1ed9ng tay ngh\u1ec1 mu\u1ed1n l\u00e0m vi\u1ec7c v\u00e0 \u0111\u1ecbnh c\u01b0 \u1edf Saskatchewan.","robots":{"index":"index","follow":"follow","max-snippet":"max-snippet:-1","max-image-preview":"max-image-preview:large","max-video-preview":"max-video-preview:-1"},"canonical":"https:\/\/www.igocanada.ca\/vi\/dich-vu\/dinh-cu-tai-tinh-saskatchewan\/","og_locale":"vi_VN","og_type":"article","og_title":"\u0110\u1ecbnh C\u01b0 T\u1ea1i T\u1ec9nh Saskatchewan SINP - IGC Immigration","og_description":"Di\u1ec7n lao \u0111\u1ed9ng c\u00f3 tay ngh\u1ec1 thu\u1ed9c Ch\u01b0\u01a1ng tr\u00ecnh SINP d\u00e0nh cho c\u00e1c lao \u0111\u1ed9ng tay ngh\u1ec1 mu\u1ed1n l\u00e0m vi\u1ec7c v\u00e0 \u0111\u1ecbnh c\u01b0 \u1edf Saskatchewan.","og_url":"https:\/\/www.igocanada.ca\/vi\/dich-vu\/dinh-cu-tai-tinh-saskatchewan\/","og_site_name":"IGC Immigration","article_publisher":"https:\/\/www.facebook.com\/igocanada.ca","article_modified_time":"2023-11-07T08:57:28+00:00","twitter_card":"summary_large_image","twitter_site":"@igocanada1","schema":{"@context":"https:\/\/schema.org","@graph":[{"@type":"WebPage","@id":"https:\/\/www.igocanada.ca\/vi\/dich-vu\/dinh-cu-tai-tinh-saskatchewan\/","url":"https:\/\/www.igocanada.ca\/vi\/dich-vu\/dinh-cu-tai-tinh-saskatchewan\/","name":"\u0110\u1ecbnh C\u01b0 T\u1ea1i T\u1ec9nh Saskatchewan SINP - IGC Immigration","isPartOf":{"@id":"https:\/\/www.igocanada.ca\/vi\/#website"},"datePublished":"2018-06-30T10:54:40+00:00","dateModified":"2023-11-07T08:57:28+00:00","description":"Di\u1ec7n lao \u0111\u1ed9ng c\u00f3 tay ngh\u1ec1 thu\u1ed9c Ch\u01b0\u01a1ng tr\u00ecnh SINP d\u00e0nh cho c\u00e1c lao \u0111\u1ed9ng tay ngh\u1ec1 mu\u1ed1n l\u00e0m vi\u1ec7c v\u00e0 \u0111\u1ecbnh c\u01b0 \u1edf Saskatchewan.","breadcrumb":{"@id":"https:\/\/www.igocanada.ca\/vi\/dich-vu\/dinh-cu-tai-tinh-saskatchewan\/#breadcrumb"},"inLanguage":"vi-VN","potentialAction":[{"@type":"ReadAction","target":["https:\/\/www.igocanada.ca\/vi\/dich-vu\/dinh-cu-tai-tinh-saskatchewan\/"]}]},{"@type":"BreadcrumbList","@id":"https:\/\/www.igocanada.ca\/vi\/dich-vu\/dinh-cu-tai-tinh-saskatchewan\/#breadcrumb","itemListElement":[{"@type":"ListItem","position":1,"name":"Home","item":"https:\/\/www.igocanada.ca\/vi\/"},{"@type":"ListItem","position":2,"name":"D\u1ecbch V\u1ee5","item":"https:\/\/www.igocanada.ca\/vi\/dich-vu\/"},{"@type":"ListItem","position":3,"name":"\u0110\u1ecbnh C\u01b0 T\u1ea1i T\u1ec9nh Saskatchewan SINP"}]},{"@type":"WebSite","@id":"https:\/\/www.igocanada.ca\/vi\/#website","url":"https:\/\/www.igocanada.ca\/vi\/","name":"IGC Immigration","description":"Regulated Canadian Immigration Consultant in Saskatchewan","publisher":{"@id":"https:\/\/www.igocanada.ca\/vi\/#organization"},"potentialAction":[{"@type":"SearchAction","target":{"@type":"EntryPoint","urlTemplate":"https:\/\/www.igocanada.ca\/vi\/?s={search_term_string}"},"query-input":{"@type":"PropertyValueSpecification","valueRequired":true,"valueName":"search_term_string"}}],"inLanguage":"vi-VN"},{"@type":"Organization","@id":"https:\/\/www.igocanada.ca\/vi\/#organization","name":"IGC Immigration","url":"https:\/\/www.igocanada.ca\/vi\/","logo":{"@type":"ImageObject","inLanguage":"vi-VN","@id":"https:\/\/www.igocanada.ca\/vi\/#\/schema\/logo\/image\/","url":"https:\/\/www.igocanada.ca\/wp-content\/uploads\/2019\/06\/Asset-3403x.png","contentUrl":"https:\/\/www.igocanada.ca\/wp-content\/uploads\/2019\/06\/Asset-3403x.png","width":1838,"height":1838,"caption":"IGC Immigration"},"image":{"@id":"https:\/\/www.igocanada.ca\/vi\/#\/schema\/logo\/image\/"},"sameAs":["https:\/\/www.facebook.com\/igocanada.ca","https:\/\/x.com\/igocanada1","https:\/\/www.instagram.com\/igocanada\/","https:\/\/www.linkedin.com\/in\/igocanada\/","https:\/\/myspace.com\/igocanada","https:\/\/www.pinterest.ca\/igocanada\/","https:\/\/www.youtube.com\/channel\/UCZI8F-SXYB9L96mgJfVIFOw"]}]}},"_links":{"self":[{"href":"https:\/\/www.igocanada.ca\/vi\/wp-json\/wp\/v2\/pages\/555","targetHints":{"allow":["GET"]}}],"collection":[{"href":"https:\/\/www.igocanada.ca\/vi\/wp-json\/wp\/v2\/pages"}],"about":[{"href":"https:\/\/www.igocanada.ca\/vi\/wp-json\/wp\/v2\/types\/page"}],"author":[{"embeddable":true,"href":"https:\/\/www.igocanada.ca\/vi\/wp-json\/wp\/v2\/users\/2"}],"replies":[{"embeddable":true,"href":"https:\/\/www.igocanada.ca\/vi\/wp-json\/wp\/v2\/comments?post=555"}],"version-history":[{"count":1,"href":"https:\/\/www.igocanada.ca\/vi\/wp-json\/wp\/v2\/pages\/555\/revisions"}],"predecessor-version":[{"id":7653,"href":"https:\/\/www.igocanada.ca\/vi\/wp-json\/wp\/v2\/pages\/555\/revisions\/7653"}],"up":[{"embeddable":true,"href":"https:\/\/www.igocanada.ca\/vi\/wp-json\/wp\/v2\/pages\/561"}],"wp:attachment":[{"href":"https:\/\/www.igocanada.ca\/vi\/wp-json\/wp\/v2\/media?parent=555"}],"curies":[{"name":"wp","href":"https:\/\/api.w.org\/{rel}","templated":true}]}}