{"id":562,"date":"2018-06-30T04:54:58","date_gmt":"2018-06-30T10:54:58","guid":{"rendered":"http:\/\/igocanada.ca\/your-options\/citizenship-pr-renewals\/"},"modified":"2020-05-13T20:04:32","modified_gmt":"2020-05-14T02:04:32","slug":"nhap-tich-gia-han-the-thuong-tru","status":"publish","type":"page","link":"https:\/\/www.igocanada.ca\/vi\/dich-vu\/nhap-tich-gia-han-the-thuong-tru\/","title":{"rendered":"Nh\u1eadp t\u1ecbch &#038; gia h\u1ea1n th\u1ebb th\u01b0\u1eddng tr\u00fa"},"content":{"rendered":"","protected":false},"excerpt":{"rendered":"","protected":false},"author":2,"featured_media":0,"parent":561,"menu_order":0,"comment_status":"closed","ping_status":"closed","template":"","meta":{"footnotes":""},"class_list":["post-562","page","type-page","status-publish","hentry"],"yoast_head":"<!-- This site is optimized with the Yoast SEO plugin v27.5 - https:\/\/yoast.com\/product\/yoast-seo-wordpress\/ -->\n<title>Nh\u1eadp t\u1ecbch &amp; gia h\u1ea1n th\u1ebb th\u01b0\u1eddng tr\u00fa - IGC Immigration<\/title>\n<meta name=\"description\" content=\"D\u00f9 cho n\u1ed9p \u0111\u01a1n xin c\u1ea5p quy\u1ec1n c\u00f4ng d\u00e2n Canada hay xin gia h\u1ea1n th\u1ebb th\u01b0\u1eddng tr\u00fa nh\u00e2n, ch\u00fang t\u00f4i \u0111\u1ec1u c\u00f3 th\u1ec3 gi\u00fap b\u1ea1n \u0111\u1ec3 \u0111\u1ee7 \u0111i\u1ec1u ki\u1ec7n tr\u1edf th\u00e0nh c\u00f4ng d\u00e2n Canada.\" \/>\n<meta name=\"robots\" content=\"index, follow, max-snippet:-1, max-image-preview:large, max-video-preview:-1\" \/>\n<link rel=\"canonical\" href=\"https:\/\/www.igocanada.ca\/vi\/dich-vu\/nhap-tich-gia-han-the-thuong-tru\/\" \/>\n<meta property=\"og:locale\" content=\"vi_VN\" \/>\n<meta property=\"og:type\" content=\"article\" \/>\n<meta property=\"og:title\" content=\"Nh\u1eadp t\u1ecbch &amp; gia h\u1ea1n th\u1ebb th\u01b0\u1eddng tr\u00fa - IGC Immigration\" \/>\n<meta property=\"og:description\" content=\"D\u00f9 cho n\u1ed9p \u0111\u01a1n xin c\u1ea5p quy\u1ec1n c\u00f4ng d\u00e2n Canada hay xin gia h\u1ea1n th\u1ebb th\u01b0\u1eddng tr\u00fa nh\u00e2n, ch\u00fang t\u00f4i \u0111\u1ec1u c\u00f3 th\u1ec3 gi\u00fap b\u1ea1n \u0111\u1ec3 \u0111\u1ee7 \u0111i\u1ec1u ki\u1ec7n tr\u1edf th\u00e0nh c\u00f4ng d\u00e2n Canada.\" \/>\n<meta property=\"og:url\" content=\"https:\/\/www.igocanada.ca\/vi\/dich-vu\/nhap-tich-gia-han-the-thuong-tru\/\" \/>\n<meta property=\"og:site_name\" content=\"IGC Immigration\" \/>\n<meta property=\"article:publisher\" content=\"https:\/\/www.facebook.com\/igocanada.ca\" \/>\n<meta property=\"article:modified_time\" content=\"2020-05-14T02:04:32+00:00\" \/>\n<meta name=\"twitter:card\" content=\"summary_large_image\" \/>\n<meta name=\"twitter:site\" content=\"@igocanada1\" \/>\n<script type=\"application\/ld+json\" class=\"yoast-schema-graph\">{\"@context\":\"https:\\\/\\\/schema.org\",\"@graph\":[{\"@type\":\"WebPage\",\"@id\":\"https:\\\/\\\/www.igocanada.ca\\\/vi\\\/dich-vu\\\/nhap-tich-gia-han-the-thuong-tru\\\/\",\"url\":\"https:\\\/\\\/www.igocanada.ca\\\/vi\\\/dich-vu\\\/nhap-tich-gia-han-the-thuong-tru\\\/\",\"name\":\"Nh\u1eadp t\u1ecbch & gia h\u1ea1n th\u1ebb th\u01b0\u1eddng tr\u00fa - IGC Immigration\",\"isPartOf\":{\"@id\":\"https:\\\/\\\/www.igocanada.ca\\\/vi\\\/#website\"},\"datePublished\":\"2018-06-30T10:54:58+00:00\",\"dateModified\":\"2020-05-14T02:04:32+00:00\",\"description\":\"D\u00f9 cho n\u1ed9p \u0111\u01a1n xin c\u1ea5p quy\u1ec1n c\u00f4ng d\u00e2n Canada hay xin gia h\u1ea1n th\u1ebb th\u01b0\u1eddng tr\u00fa nh\u00e2n, ch\u00fang t\u00f4i \u0111\u1ec1u c\u00f3 th\u1ec3 gi\u00fap b\u1ea1n \u0111\u1ec3 \u0111\u1ee7 \u0111i\u1ec1u ki\u1ec7n tr\u1edf th\u00e0nh c\u00f4ng d\u00e2n Canada.\",\"breadcrumb\":{\"@id\":\"https:\\\/\\\/www.igocanada.ca\\\/vi\\\/dich-vu\\\/nhap-tich-gia-han-the-thuong-tru\\\/#breadcrumb\"},\"inLanguage\":\"vi-VN\",\"potentialAction\":[{\"@type\":\"ReadAction\",\"target\":[\"https:\\\/\\\/www.igocanada.ca\\\/vi\\\/dich-vu\\\/nhap-tich-gia-han-the-thuong-tru\\\/\"]}]},{\"@type\":\"BreadcrumbList\",\"@id\":\"https:\\\/\\\/www.igocanada.ca\\\/vi\\\/dich-vu\\\/nhap-tich-gia-han-the-thuong-tru\\\/#breadcrumb\",\"itemListElement\":[{\"@type\":\"ListItem\",\"position\":1,\"name\":\"Home\",\"item\":\"https:\\\/\\\/www.igocanada.ca\\\/vi\\\/\"},{\"@type\":\"ListItem\",\"position\":2,\"name\":\"D\u1ecbch V\u1ee5\",\"item\":\"https:\\\/\\\/www.igocanada.ca\\\/vi\\\/dich-vu\\\/\"},{\"@type\":\"ListItem\",\"position\":3,\"name\":\"Nh\u1eadp t\u1ecbch &#038; gia h\u1ea1n th\u1ebb th\u01b0\u1eddng tr\u00fa\"}]},{\"@type\":\"WebSite\",\"@id\":\"https:\\\/\\\/www.igocanada.ca\\\/vi\\\/#website\",\"url\":\"https:\\\/\\\/www.igocanada.ca\\\/vi\\\/\",\"name\":\"IGC Immigration\",\"description\":\"Regulated Canadian Immigration Consultant in Saskatchewan\",\"publisher\":{\"@id\":\"https:\\\/\\\/www.igocanada.ca\\\/vi\\\/#organization\"},\"potentialAction\":[{\"@type\":\"SearchAction\",\"target\":{\"@type\":\"EntryPoint\",\"urlTemplate\":\"https:\\\/\\\/www.igocanada.ca\\\/vi\\\/?s={search_term_string}\"},\"query-input\":{\"@type\":\"PropertyValueSpecification\",\"valueRequired\":true,\"valueName\":\"search_term_string\"}}],\"inLanguage\":\"vi-VN\"},{\"@type\":\"Organization\",\"@id\":\"https:\\\/\\\/www.igocanada.ca\\\/vi\\\/#organization\",\"name\":\"IGC Immigration\",\"url\":\"https:\\\/\\\/www.igocanada.ca\\\/vi\\\/\",\"logo\":{\"@type\":\"ImageObject\",\"inLanguage\":\"vi-VN\",\"@id\":\"https:\\\/\\\/www.igocanada.ca\\\/vi\\\/#\\\/schema\\\/logo\\\/image\\\/\",\"url\":\"https:\\\/\\\/www.igocanada.ca\\\/wp-content\\\/uploads\\\/2019\\\/06\\\/Asset-3403x.png\",\"contentUrl\":\"https:\\\/\\\/www.igocanada.ca\\\/wp-content\\\/uploads\\\/2019\\\/06\\\/Asset-3403x.png\",\"width\":1838,\"height\":1838,\"caption\":\"IGC Immigration\"},\"image\":{\"@id\":\"https:\\\/\\\/www.igocanada.ca\\\/vi\\\/#\\\/schema\\\/logo\\\/image\\\/\"},\"sameAs\":[\"https:\\\/\\\/www.facebook.com\\\/igocanada.ca\",\"https:\\\/\\\/x.com\\\/igocanada1\",\"https:\\\/\\\/www.instagram.com\\\/igocanada\\\/\",\"https:\\\/\\\/www.linkedin.com\\\/in\\\/igocanada\\\/\",\"https:\\\/\\\/myspace.com\\\/igocanada\",\"https:\\\/\\\/www.pinterest.ca\\\/igocanada\\\/\",\"https:\\\/\\\/www.youtube.com\\\/channel\\\/UCZI8F-SXYB9L96mgJfVIFOw\"]}]}<\/script>\n<!-- \/ Yoast SEO plugin. -->","yoast_head_json":{"title":"Nh\u1eadp t\u1ecbch & gia h\u1ea1n th\u1ebb th\u01b0\u1eddng tr\u00fa - IGC Immigration","description":"D\u00f9 cho n\u1ed9p \u0111\u01a1n xin c\u1ea5p quy\u1ec1n c\u00f4ng d\u00e2n Canada hay xin gia h\u1ea1n th\u1ebb th\u01b0\u1eddng tr\u00fa nh\u00e2n, ch\u00fang t\u00f4i \u0111\u1ec1u c\u00f3 th\u1ec3 gi\u00fap b\u1ea1n \u0111\u1ec3 \u0111\u1ee7 \u0111i\u1ec1u ki\u1ec7n tr\u1edf th\u00e0nh c\u00f4ng d\u00e2n Canada.","robots":{"index":"index","follow":"follow","max-snippet":"max-snippet:-1","max-image-preview":"max-image-preview:large","max-video-preview":"max-video-preview:-1"},"canonical":"https:\/\/www.igocanada.ca\/vi\/dich-vu\/nhap-tich-gia-han-the-thuong-tru\/","og_locale":"vi_VN","og_type":"article","og_title":"Nh\u1eadp t\u1ecbch & gia h\u1ea1n th\u1ebb th\u01b0\u1eddng tr\u00fa - IGC Immigration","og_description":"D\u00f9 cho n\u1ed9p \u0111\u01a1n xin c\u1ea5p quy\u1ec1n c\u00f4ng d\u00e2n Canada hay xin gia h\u1ea1n th\u1ebb th\u01b0\u1eddng tr\u00fa nh\u00e2n, ch\u00fang t\u00f4i \u0111\u1ec1u c\u00f3 th\u1ec3 gi\u00fap b\u1ea1n \u0111\u1ec3 \u0111\u1ee7 \u0111i\u1ec1u ki\u1ec7n tr\u1edf th\u00e0nh c\u00f4ng d\u00e2n Canada.","og_url":"https:\/\/www.igocanada.ca\/vi\/dich-vu\/nhap-tich-gia-han-the-thuong-tru\/","og_site_name":"IGC Immigration","article_publisher":"https:\/\/www.facebook.com\/igocanada.ca","article_modified_time":"2020-05-14T02:04:32+00:00","twitter_card":"summary_large_image","twitter_site":"@igocanada1","schema":{"@context":"https:\/\/schema.org","@graph":[{"@type":"WebPage","@id":"https:\/\/www.igocanada.ca\/vi\/dich-vu\/nhap-tich-gia-han-the-thuong-tru\/","url":"https:\/\/www.igocanada.ca\/vi\/dich-vu\/nhap-tich-gia-han-the-thuong-tru\/","name":"Nh\u1eadp t\u1ecbch & gia h\u1ea1n th\u1ebb th\u01b0\u1eddng tr\u00fa - IGC Immigration","isPartOf":{"@id":"https:\/\/www.igocanada.ca\/vi\/#website"},"datePublished":"2018-06-30T10:54:58+00:00","dateModified":"2020-05-14T02:04:32+00:00","description":"D\u00f9 cho n\u1ed9p \u0111\u01a1n xin c\u1ea5p quy\u1ec1n c\u00f4ng d\u00e2n Canada hay xin gia h\u1ea1n th\u1ebb th\u01b0\u1eddng tr\u00fa nh\u00e2n, ch\u00fang t\u00f4i \u0111\u1ec1u c\u00f3 th\u1ec3 gi\u00fap b\u1ea1n \u0111\u1ec3 \u0111\u1ee7 \u0111i\u1ec1u ki\u1ec7n tr\u1edf th\u00e0nh c\u00f4ng d\u00e2n Canada.","breadcrumb":{"@id":"https:\/\/www.igocanada.ca\/vi\/dich-vu\/nhap-tich-gia-han-the-thuong-tru\/#breadcrumb"},"inLanguage":"vi-VN","potentialAction":[{"@type":"ReadAction","target":["https:\/\/www.igocanada.ca\/vi\/dich-vu\/nhap-tich-gia-han-the-thuong-tru\/"]}]},{"@type":"BreadcrumbList","@id":"https:\/\/www.igocanada.ca\/vi\/dich-vu\/nhap-tich-gia-han-the-thuong-tru\/#breadcrumb","itemListElement":[{"@type":"ListItem","position":1,"name":"Home","item":"https:\/\/www.igocanada.ca\/vi\/"},{"@type":"ListItem","position":2,"name":"D\u1ecbch V\u1ee5","item":"https:\/\/www.igocanada.ca\/vi\/dich-vu\/"},{"@type":"ListItem","position":3,"name":"Nh\u1eadp t\u1ecbch &#038; gia h\u1ea1n th\u1ebb th\u01b0\u1eddng tr\u00fa"}]},{"@type":"WebSite","@id":"https:\/\/www.igocanada.ca\/vi\/#website","url":"https:\/\/www.igocanada.ca\/vi\/","name":"IGC Immigration","description":"Regulated Canadian Immigration Consultant in Saskatchewan","publisher":{"@id":"https:\/\/www.igocanada.ca\/vi\/#organization"},"potentialAction":[{"@type":"SearchAction","target":{"@type":"EntryPoint","urlTemplate":"https:\/\/www.igocanada.ca\/vi\/?s={search_term_string}"},"query-input":{"@type":"PropertyValueSpecification","valueRequired":true,"valueName":"search_term_string"}}],"inLanguage":"vi-VN"},{"@type":"Organization","@id":"https:\/\/www.igocanada.ca\/vi\/#organization","name":"IGC Immigration","url":"https:\/\/www.igocanada.ca\/vi\/","logo":{"@type":"ImageObject","inLanguage":"vi-VN","@id":"https:\/\/www.igocanada.ca\/vi\/#\/schema\/logo\/image\/","url":"https:\/\/www.igocanada.ca\/wp-content\/uploads\/2019\/06\/Asset-3403x.png","contentUrl":"https:\/\/www.igocanada.ca\/wp-content\/uploads\/2019\/06\/Asset-3403x.png","width":1838,"height":1838,"caption":"IGC Immigration"},"image":{"@id":"https:\/\/www.igocanada.ca\/vi\/#\/schema\/logo\/image\/"},"sameAs":["https:\/\/www.facebook.com\/igocanada.ca","https:\/\/x.com\/igocanada1","https:\/\/www.instagram.com\/igocanada\/","https:\/\/www.linkedin.com\/in\/igocanada\/","https:\/\/myspace.com\/igocanada","https:\/\/www.pinterest.ca\/igocanada\/","https:\/\/www.youtube.com\/channel\/UCZI8F-SXYB9L96mgJfVIFOw"]}]}},"_links":{"self":[{"href":"https:\/\/www.igocanada.ca\/vi\/wp-json\/wp\/v2\/pages\/562","targetHints":{"allow":["GET"]}}],"collection":[{"href":"https:\/\/www.igocanada.ca\/vi\/wp-json\/wp\/v2\/pages"}],"about":[{"href":"https:\/\/www.igocanada.ca\/vi\/wp-json\/wp\/v2\/types\/page"}],"author":[{"embeddable":true,"href":"https:\/\/www.igocanada.ca\/vi\/wp-json\/wp\/v2\/users\/2"}],"replies":[{"embeddable":true,"href":"https:\/\/www.igocanada.ca\/vi\/wp-json\/wp\/v2\/comments?post=562"}],"version-history":[{"count":0,"href":"https:\/\/www.igocanada.ca\/vi\/wp-json\/wp\/v2\/pages\/562\/revisions"}],"up":[{"embeddable":true,"href":"https:\/\/www.igocanada.ca\/vi\/wp-json\/wp\/v2\/pages\/561"}],"wp:attachment":[{"href":"https:\/\/www.igocanada.ca\/vi\/wp-json\/wp\/v2\/media?parent=562"}],"curies":[{"name":"wp","href":"https:\/\/api.w.org\/{rel}","templated":true}]}}