{"id":601,"date":"2018-06-25T08:26:43","date_gmt":"2018-06-25T14:26:43","guid":{"rendered":"http:\/\/igocanada.ca\/book-a-consultation\/"},"modified":"2022-11-20T20:59:36","modified_gmt":"2022-11-21T02:59:36","slug":"cach-thuc-lien-he-dat-cau-hoi-du-hoc-dinh-cu","status":"publish","type":"page","link":"https:\/\/www.igocanada.ca\/vi\/cach-thuc-lien-he-dat-cau-hoi-du-hoc-dinh-cu\/","title":{"rendered":"C\u00e1ch Th\u1ee9c Li\u00ean H\u1ec7"},"content":{"rendered":"","protected":false},"excerpt":{"rendered":"","protected":false},"author":2,"featured_media":0,"parent":0,"menu_order":0,"comment_status":"closed","ping_status":"closed","template":"","meta":{"footnotes":""},"class_list":["post-601","page","type-page","status-publish","hentry"],"yoast_head":"<!-- This site is optimized with the Yoast SEO plugin v27.5 - https:\/\/yoast.com\/product\/yoast-seo-wordpress\/ -->\n<title>C\u00e1ch li\u00ean h\u1ec7 \u0111\u1eb7t c\u00e2u h\u1ecfi li\u00ean quan \u0111\u1ebfn du h\u1ecdc \u0111\u1ecbnh c\u01b0 Saskatchewan<\/title>\n<meta name=\"description\" content=\"Li\u00ean h\u1ec7 v\u1edbi RCIC v\u1ec1 du h\u1ecdc \u0111\u1ecbnh c\u01b0 Canada b\u1eb1ng c\u00e1ch v\u00e0o forum AskTrang, contact form hay n\u00f3i chuy\u1ec7n tr\u1ef1c ti\u1ebfp t\u1ed1i \u0111a l\u00e0 1 gi\u1edd v\u1edbi m\u1ee9c ph\u00ed ch\u1ec9 c\u00f3 $79\/hour.\" \/>\n<meta name=\"robots\" content=\"index, follow, max-snippet:-1, max-image-preview:large, max-video-preview:-1\" \/>\n<link rel=\"canonical\" href=\"https:\/\/www.igocanada.ca\/vi\/cach-thuc-lien-he-dat-cau-hoi-du-hoc-dinh-cu\/\" \/>\n<meta property=\"og:locale\" content=\"vi_VN\" \/>\n<meta property=\"og:type\" content=\"article\" \/>\n<meta property=\"og:title\" content=\"C\u00e1ch li\u00ean h\u1ec7 \u0111\u1eb7t c\u00e2u h\u1ecfi li\u00ean quan \u0111\u1ebfn du h\u1ecdc \u0111\u1ecbnh c\u01b0 Saskatchewan\" \/>\n<meta property=\"og:description\" content=\"Li\u00ean h\u1ec7 v\u1edbi RCIC v\u1ec1 du h\u1ecdc \u0111\u1ecbnh c\u01b0 Canada b\u1eb1ng c\u00e1ch v\u00e0o forum AskTrang, contact form hay n\u00f3i chuy\u1ec7n tr\u1ef1c ti\u1ebfp t\u1ed1i \u0111a l\u00e0 1 gi\u1edd v\u1edbi m\u1ee9c ph\u00ed ch\u1ec9 c\u00f3 $79\/hour.\" \/>\n<meta property=\"og:url\" content=\"https:\/\/www.igocanada.ca\/vi\/cach-thuc-lien-he-dat-cau-hoi-du-hoc-dinh-cu\/\" \/>\n<meta property=\"og:site_name\" content=\"IGC Immigration\" \/>\n<meta property=\"article:publisher\" content=\"https:\/\/www.facebook.com\/igocanada.ca\" \/>\n<meta property=\"article:modified_time\" content=\"2022-11-21T02:59:36+00:00\" \/>\n<meta name=\"twitter:card\" content=\"summary_large_image\" \/>\n<meta name=\"twitter:site\" content=\"@igocanada1\" \/>\n<script type=\"application\/ld+json\" class=\"yoast-schema-graph\">{\"@context\":\"https:\\\/\\\/schema.org\",\"@graph\":[{\"@type\":\"WebPage\",\"@id\":\"https:\\\/\\\/www.igocanada.ca\\\/vi\\\/cach-thuc-lien-he-dat-cau-hoi-du-hoc-dinh-cu\\\/\",\"url\":\"https:\\\/\\\/www.igocanada.ca\\\/vi\\\/cach-thuc-lien-he-dat-cau-hoi-du-hoc-dinh-cu\\\/\",\"name\":\"C\u00e1ch li\u00ean h\u1ec7 \u0111\u1eb7t c\u00e2u h\u1ecfi li\u00ean quan \u0111\u1ebfn du h\u1ecdc \u0111\u1ecbnh c\u01b0 Saskatchewan\",\"isPartOf\":{\"@id\":\"https:\\\/\\\/www.igocanada.ca\\\/vi\\\/#website\"},\"datePublished\":\"2018-06-25T14:26:43+00:00\",\"dateModified\":\"2022-11-21T02:59:36+00:00\",\"description\":\"Li\u00ean h\u1ec7 v\u1edbi RCIC v\u1ec1 du h\u1ecdc \u0111\u1ecbnh c\u01b0 Canada b\u1eb1ng c\u00e1ch v\u00e0o forum AskTrang, contact form hay n\u00f3i chuy\u1ec7n tr\u1ef1c ti\u1ebfp t\u1ed1i \u0111a l\u00e0 1 gi\u1edd v\u1edbi m\u1ee9c ph\u00ed ch\u1ec9 c\u00f3 $79\\\/hour.\",\"breadcrumb\":{\"@id\":\"https:\\\/\\\/www.igocanada.ca\\\/vi\\\/cach-thuc-lien-he-dat-cau-hoi-du-hoc-dinh-cu\\\/#breadcrumb\"},\"inLanguage\":\"vi-VN\",\"potentialAction\":[{\"@type\":\"ReadAction\",\"target\":[\"https:\\\/\\\/www.igocanada.ca\\\/vi\\\/cach-thuc-lien-he-dat-cau-hoi-du-hoc-dinh-cu\\\/\"]}]},{\"@type\":\"BreadcrumbList\",\"@id\":\"https:\\\/\\\/www.igocanada.ca\\\/vi\\\/cach-thuc-lien-he-dat-cau-hoi-du-hoc-dinh-cu\\\/#breadcrumb\",\"itemListElement\":[{\"@type\":\"ListItem\",\"position\":1,\"name\":\"Home\",\"item\":\"https:\\\/\\\/www.igocanada.ca\\\/vi\\\/\"},{\"@type\":\"ListItem\",\"position\":2,\"name\":\"C\u00e1ch Th\u1ee9c Li\u00ean H\u1ec7\"}]},{\"@type\":\"WebSite\",\"@id\":\"https:\\\/\\\/www.igocanada.ca\\\/vi\\\/#website\",\"url\":\"https:\\\/\\\/www.igocanada.ca\\\/vi\\\/\",\"name\":\"IGC Immigration\",\"description\":\"Regulated Canadian Immigration Consultant in Saskatchewan\",\"publisher\":{\"@id\":\"https:\\\/\\\/www.igocanada.ca\\\/vi\\\/#organization\"},\"potentialAction\":[{\"@type\":\"SearchAction\",\"target\":{\"@type\":\"EntryPoint\",\"urlTemplate\":\"https:\\\/\\\/www.igocanada.ca\\\/vi\\\/?s={search_term_string}\"},\"query-input\":{\"@type\":\"PropertyValueSpecification\",\"valueRequired\":true,\"valueName\":\"search_term_string\"}}],\"inLanguage\":\"vi-VN\"},{\"@type\":\"Organization\",\"@id\":\"https:\\\/\\\/www.igocanada.ca\\\/vi\\\/#organization\",\"name\":\"IGC Immigration\",\"url\":\"https:\\\/\\\/www.igocanada.ca\\\/vi\\\/\",\"logo\":{\"@type\":\"ImageObject\",\"inLanguage\":\"vi-VN\",\"@id\":\"https:\\\/\\\/www.igocanada.ca\\\/vi\\\/#\\\/schema\\\/logo\\\/image\\\/\",\"url\":\"https:\\\/\\\/www.igocanada.ca\\\/wp-content\\\/uploads\\\/2019\\\/06\\\/Asset-3403x.png\",\"contentUrl\":\"https:\\\/\\\/www.igocanada.ca\\\/wp-content\\\/uploads\\\/2019\\\/06\\\/Asset-3403x.png\",\"width\":1838,\"height\":1838,\"caption\":\"IGC Immigration\"},\"image\":{\"@id\":\"https:\\\/\\\/www.igocanada.ca\\\/vi\\\/#\\\/schema\\\/logo\\\/image\\\/\"},\"sameAs\":[\"https:\\\/\\\/www.facebook.com\\\/igocanada.ca\",\"https:\\\/\\\/x.com\\\/igocanada1\",\"https:\\\/\\\/www.instagram.com\\\/igocanada\\\/\",\"https:\\\/\\\/www.linkedin.com\\\/in\\\/igocanada\\\/\",\"https:\\\/\\\/myspace.com\\\/igocanada\",\"https:\\\/\\\/www.pinterest.ca\\\/igocanada\\\/\",\"https:\\\/\\\/www.youtube.com\\\/channel\\\/UCZI8F-SXYB9L96mgJfVIFOw\"]}]}<\/script>\n<!-- \/ Yoast SEO plugin. -->","yoast_head_json":{"title":"C\u00e1ch li\u00ean h\u1ec7 \u0111\u1eb7t c\u00e2u h\u1ecfi li\u00ean quan \u0111\u1ebfn du h\u1ecdc \u0111\u1ecbnh c\u01b0 Saskatchewan","description":"Li\u00ean h\u1ec7 v\u1edbi RCIC v\u1ec1 du h\u1ecdc \u0111\u1ecbnh c\u01b0 Canada b\u1eb1ng c\u00e1ch v\u00e0o forum AskTrang, contact form hay n\u00f3i chuy\u1ec7n tr\u1ef1c ti\u1ebfp t\u1ed1i \u0111a l\u00e0 1 gi\u1edd v\u1edbi m\u1ee9c ph\u00ed ch\u1ec9 c\u00f3 $79\/hour.","robots":{"index":"index","follow":"follow","max-snippet":"max-snippet:-1","max-image-preview":"max-image-preview:large","max-video-preview":"max-video-preview:-1"},"canonical":"https:\/\/www.igocanada.ca\/vi\/cach-thuc-lien-he-dat-cau-hoi-du-hoc-dinh-cu\/","og_locale":"vi_VN","og_type":"article","og_title":"C\u00e1ch li\u00ean h\u1ec7 \u0111\u1eb7t c\u00e2u h\u1ecfi li\u00ean quan \u0111\u1ebfn du h\u1ecdc \u0111\u1ecbnh c\u01b0 Saskatchewan","og_description":"Li\u00ean h\u1ec7 v\u1edbi RCIC v\u1ec1 du h\u1ecdc \u0111\u1ecbnh c\u01b0 Canada b\u1eb1ng c\u00e1ch v\u00e0o forum AskTrang, contact form hay n\u00f3i chuy\u1ec7n tr\u1ef1c ti\u1ebfp t\u1ed1i \u0111a l\u00e0 1 gi\u1edd v\u1edbi m\u1ee9c ph\u00ed ch\u1ec9 c\u00f3 $79\/hour.","og_url":"https:\/\/www.igocanada.ca\/vi\/cach-thuc-lien-he-dat-cau-hoi-du-hoc-dinh-cu\/","og_site_name":"IGC Immigration","article_publisher":"https:\/\/www.facebook.com\/igocanada.ca","article_modified_time":"2022-11-21T02:59:36+00:00","twitter_card":"summary_large_image","twitter_site":"@igocanada1","schema":{"@context":"https:\/\/schema.org","@graph":[{"@type":"WebPage","@id":"https:\/\/www.igocanada.ca\/vi\/cach-thuc-lien-he-dat-cau-hoi-du-hoc-dinh-cu\/","url":"https:\/\/www.igocanada.ca\/vi\/cach-thuc-lien-he-dat-cau-hoi-du-hoc-dinh-cu\/","name":"C\u00e1ch li\u00ean h\u1ec7 \u0111\u1eb7t c\u00e2u h\u1ecfi li\u00ean quan \u0111\u1ebfn du h\u1ecdc \u0111\u1ecbnh c\u01b0 Saskatchewan","isPartOf":{"@id":"https:\/\/www.igocanada.ca\/vi\/#website"},"datePublished":"2018-06-25T14:26:43+00:00","dateModified":"2022-11-21T02:59:36+00:00","description":"Li\u00ean h\u1ec7 v\u1edbi RCIC v\u1ec1 du h\u1ecdc \u0111\u1ecbnh c\u01b0 Canada b\u1eb1ng c\u00e1ch v\u00e0o forum AskTrang, contact form hay n\u00f3i chuy\u1ec7n tr\u1ef1c ti\u1ebfp t\u1ed1i \u0111a l\u00e0 1 gi\u1edd v\u1edbi m\u1ee9c ph\u00ed ch\u1ec9 c\u00f3 $79\/hour.","breadcrumb":{"@id":"https:\/\/www.igocanada.ca\/vi\/cach-thuc-lien-he-dat-cau-hoi-du-hoc-dinh-cu\/#breadcrumb"},"inLanguage":"vi-VN","potentialAction":[{"@type":"ReadAction","target":["https:\/\/www.igocanada.ca\/vi\/cach-thuc-lien-he-dat-cau-hoi-du-hoc-dinh-cu\/"]}]},{"@type":"BreadcrumbList","@id":"https:\/\/www.igocanada.ca\/vi\/cach-thuc-lien-he-dat-cau-hoi-du-hoc-dinh-cu\/#breadcrumb","itemListElement":[{"@type":"ListItem","position":1,"name":"Home","item":"https:\/\/www.igocanada.ca\/vi\/"},{"@type":"ListItem","position":2,"name":"C\u00e1ch Th\u1ee9c Li\u00ean H\u1ec7"}]},{"@type":"WebSite","@id":"https:\/\/www.igocanada.ca\/vi\/#website","url":"https:\/\/www.igocanada.ca\/vi\/","name":"IGC Immigration","description":"Regulated Canadian Immigration Consultant in Saskatchewan","publisher":{"@id":"https:\/\/www.igocanada.ca\/vi\/#organization"},"potentialAction":[{"@type":"SearchAction","target":{"@type":"EntryPoint","urlTemplate":"https:\/\/www.igocanada.ca\/vi\/?s={search_term_string}"},"query-input":{"@type":"PropertyValueSpecification","valueRequired":true,"valueName":"search_term_string"}}],"inLanguage":"vi-VN"},{"@type":"Organization","@id":"https:\/\/www.igocanada.ca\/vi\/#organization","name":"IGC Immigration","url":"https:\/\/www.igocanada.ca\/vi\/","logo":{"@type":"ImageObject","inLanguage":"vi-VN","@id":"https:\/\/www.igocanada.ca\/vi\/#\/schema\/logo\/image\/","url":"https:\/\/www.igocanada.ca\/wp-content\/uploads\/2019\/06\/Asset-3403x.png","contentUrl":"https:\/\/www.igocanada.ca\/wp-content\/uploads\/2019\/06\/Asset-3403x.png","width":1838,"height":1838,"caption":"IGC Immigration"},"image":{"@id":"https:\/\/www.igocanada.ca\/vi\/#\/schema\/logo\/image\/"},"sameAs":["https:\/\/www.facebook.com\/igocanada.ca","https:\/\/x.com\/igocanada1","https:\/\/www.instagram.com\/igocanada\/","https:\/\/www.linkedin.com\/in\/igocanada\/","https:\/\/myspace.com\/igocanada","https:\/\/www.pinterest.ca\/igocanada\/","https:\/\/www.youtube.com\/channel\/UCZI8F-SXYB9L96mgJfVIFOw"]}]}},"_links":{"self":[{"href":"https:\/\/www.igocanada.ca\/vi\/wp-json\/wp\/v2\/pages\/601","targetHints":{"allow":["GET"]}}],"collection":[{"href":"https:\/\/www.igocanada.ca\/vi\/wp-json\/wp\/v2\/pages"}],"about":[{"href":"https:\/\/www.igocanada.ca\/vi\/wp-json\/wp\/v2\/types\/page"}],"author":[{"embeddable":true,"href":"https:\/\/www.igocanada.ca\/vi\/wp-json\/wp\/v2\/users\/2"}],"replies":[{"embeddable":true,"href":"https:\/\/www.igocanada.ca\/vi\/wp-json\/wp\/v2\/comments?post=601"}],"version-history":[{"count":0,"href":"https:\/\/www.igocanada.ca\/vi\/wp-json\/wp\/v2\/pages\/601\/revisions"}],"wp:attachment":[{"href":"https:\/\/www.igocanada.ca\/vi\/wp-json\/wp\/v2\/media?parent=601"}],"curies":[{"name":"wp","href":"https:\/\/api.w.org\/{rel}","templated":true}]}}