{"id":792,"date":"2019-03-27T01:51:34","date_gmt":"2019-03-27T07:51:34","guid":{"rendered":"https:\/\/www.igocanada.ca\/questions\/ask\/"},"modified":"2023-10-16T22:28:26","modified_gmt":"2023-10-17T04:28:26","slug":"ask","status":"publish","type":"page","link":"https:\/\/www.igocanada.ca\/vi\/questions\/ask\/","title":{"rendered":"H\u1ecfi Chuy\u00ean Vi\u00ean Lu\u1eadt Di Tr\u00fa RCIC"},"content":{"rendered":"\n<p>V\u00ec s\u1ed1 l\u01b0\u1ee3ng emails v\u00e0 c\u00e2u h\u1ecfi c\u1ee7a kh\u00e1ch h\u00e0ng g\u1eedi cho IGC r\u1ea5t nhi\u1ec1u m\u1ed7i ng\u00e0y n\u00ean th\u1eddi gian tr\u1ea3 l\u1eddi c\u00e1c c\u00e2u h\u1ecfi tr\u00ean forum AskTrang v\u00e0 form Li\u00ean H\u1ec7\/Email s\u1ebd kh\u00e1 l\u00e2u, c\u00f3 th\u1ec3 l\u00ean \u0111\u1ebfn 45 ng\u00e0y \u0111\u1ec3 nh\u1eadn \u0111\u01b0\u1ee3c c\u00e2u tr\u1ea3 l\u1eddi. \u0110\u1ec3 nh\u1eadn \u0111\u01b0\u1ee3c t\u01b0 v\u1ea5n nhanh nh\u1ea5t v\u00e0 chi ti\u1ebft nh\u1ea5t, kh\u00e1ch h\u00e0ng n\u00ean \u0111\u1eb7t h\u1eb9n t\u01b0 v\u1ea5n n\u00f3i chuy\u1ec7n tr\u1ef1c ti\u1ebfp v\u1edbi Chuy\u00ean Vi\u00ean Lu\u1eadt Di Tr\u00fa RCIC (Trang \u0110\u1ed7) \u21d2&nbsp;<a href=\"https:\/\/igcimmigration.setmore.com\/\">\u0110\u1eb6T H\u1eb8N T\u01af V\u1ea4N<\/a>. Xin ch\u00e2n th\u00e0nh c\u1ea3m \u01a1n!<\/p>\n","protected":false},"excerpt":{"rendered":"<p>V\u00ec s\u1ed1 l\u01b0\u1ee3ng emails v\u00e0 c\u00e2u h\u1ecfi c\u1ee7a kh\u00e1ch h\u00e0ng g\u1eedi cho IGC r\u1ea5t nhi\u1ec1u m\u1ed7i ng\u00e0y n\u00ean th\u1eddi gian tr\u1ea3 l\u1eddi c\u00e1c c\u00e2u h\u1ecfi tr\u00ean forum AskTrang v\u00e0 form Li\u00ean H\u1ec7\/Email s\u1ebd kh\u00e1 l\u00e2u, c\u00f3 th\u1ec3 l\u00ean \u0111\u1ebfn 45 ng\u00e0y \u0111\u1ec3 nh\u1eadn \u0111\u01b0\u1ee3c c\u00e2u tr\u1ea3 l\u1eddi. \u0110\u1ec3 nh\u1eadn \u0111\u01b0\u1ee3c<span class=\"excerpt-hellip\"> [\u2026]<\/span><\/p>\n","protected":false},"author":2,"featured_media":0,"parent":791,"menu_order":0,"comment_status":"closed","ping_status":"closed","template":"","meta":{"footnotes":""},"class_list":["post-792","page","type-page","status-publish"],"yoast_head":"<!-- This site is optimized with the Yoast SEO plugin v27.5 - https:\/\/yoast.com\/product\/yoast-seo-wordpress\/ -->\n<title>H\u1ecfi Chuy\u00ean Vi\u00ean Lu\u1eadt Di Tr\u00fa RCIC - IGC Immigration<\/title>\n<meta name=\"description\" content=\"\u0110\u1eb7t c\u00e2u h\u1ecfi v\u00e0 nh\u1eadn c\u00e2u tr\u1ea3 l\u1eddi mi\u1ec5n ph\u00ed kh\u00f4ng gi\u1edbi h\u1ea1n t\u1eeb Chuy\u00ean Vi\u00ean Lu\u1eadt Di Tr\u00fa RCIC c\u1ee7a ch\u00fang t\u00f4i. Th\u1eddi gian tr\u1ea3 l\u1eddi trong v\u00f2ng 3 ng\u00e0y ho\u1eb7c s\u1edbm h\u01a1n.\" \/>\n<meta name=\"robots\" content=\"index, follow, max-snippet:-1, max-image-preview:large, max-video-preview:-1\" \/>\n<link rel=\"canonical\" href=\"https:\/\/www.igocanada.ca\/vi\/questions\/ask\/\" \/>\n<meta property=\"og:locale\" content=\"vi_VN\" \/>\n<meta property=\"og:type\" content=\"article\" \/>\n<meta property=\"og:title\" content=\"H\u1ecfi Chuy\u00ean Vi\u00ean Lu\u1eadt Di Tr\u00fa RCIC - IGC Immigration\" \/>\n<meta property=\"og:description\" content=\"\u0110\u1eb7t c\u00e2u h\u1ecfi v\u00e0 nh\u1eadn c\u00e2u tr\u1ea3 l\u1eddi mi\u1ec5n ph\u00ed kh\u00f4ng gi\u1edbi h\u1ea1n t\u1eeb Chuy\u00ean Vi\u00ean Lu\u1eadt Di Tr\u00fa RCIC c\u1ee7a ch\u00fang t\u00f4i. Th\u1eddi gian tr\u1ea3 l\u1eddi trong v\u00f2ng 3 ng\u00e0y ho\u1eb7c s\u1edbm h\u01a1n.\" \/>\n<meta property=\"og:url\" content=\"https:\/\/www.igocanada.ca\/vi\/questions\/ask\/\" \/>\n<meta property=\"og:site_name\" content=\"IGC Immigration\" \/>\n<meta property=\"article:publisher\" content=\"https:\/\/www.facebook.com\/igocanada.ca\" \/>\n<meta property=\"article:modified_time\" content=\"2023-10-17T04:28:26+00:00\" \/>\n<meta name=\"twitter:card\" content=\"summary_large_image\" \/>\n<meta name=\"twitter:site\" content=\"@igocanada1\" \/>\n<meta name=\"twitter:label1\" content=\"Est. reading time\" \/>\n\t<meta name=\"twitter:data1\" content=\"1 minute\" \/>\n<script type=\"application\/ld+json\" class=\"yoast-schema-graph\">{\"@context\":\"https:\\\/\\\/schema.org\",\"@graph\":[{\"@type\":\"WebPage\",\"@id\":\"https:\\\/\\\/www.igocanada.ca\\\/vi\\\/questions\\\/ask\\\/\",\"url\":\"https:\\\/\\\/www.igocanada.ca\\\/vi\\\/questions\\\/ask\\\/\",\"name\":\"H\u1ecfi Chuy\u00ean Vi\u00ean Lu\u1eadt Di Tr\u00fa RCIC - IGC Immigration\",\"isPartOf\":{\"@id\":\"https:\\\/\\\/www.igocanada.ca\\\/vi\\\/#website\"},\"datePublished\":\"2019-03-27T07:51:34+00:00\",\"dateModified\":\"2023-10-17T04:28:26+00:00\",\"description\":\"\u0110\u1eb7t c\u00e2u h\u1ecfi v\u00e0 nh\u1eadn c\u00e2u tr\u1ea3 l\u1eddi mi\u1ec5n ph\u00ed kh\u00f4ng gi\u1edbi h\u1ea1n t\u1eeb Chuy\u00ean Vi\u00ean Lu\u1eadt Di Tr\u00fa RCIC c\u1ee7a ch\u00fang t\u00f4i. Th\u1eddi gian tr\u1ea3 l\u1eddi trong v\u00f2ng 3 ng\u00e0y ho\u1eb7c s\u1edbm h\u01a1n.\",\"breadcrumb\":{\"@id\":\"https:\\\/\\\/www.igocanada.ca\\\/vi\\\/questions\\\/ask\\\/#breadcrumb\"},\"inLanguage\":\"vi-VN\",\"potentialAction\":[{\"@type\":\"ReadAction\",\"target\":[\"https:\\\/\\\/www.igocanada.ca\\\/vi\\\/questions\\\/ask\\\/\"]}]},{\"@type\":\"BreadcrumbList\",\"@id\":\"https:\\\/\\\/www.igocanada.ca\\\/vi\\\/questions\\\/ask\\\/#breadcrumb\",\"itemListElement\":[{\"@type\":\"ListItem\",\"position\":1,\"name\":\"Home\",\"item\":\"https:\\\/\\\/www.igocanada.ca\\\/vi\\\/\"},{\"@type\":\"ListItem\",\"position\":2,\"name\":\"Questions\",\"item\":\"https:\\\/\\\/www.igocanada.ca\\\/vi\\\/questions\\\/\"},{\"@type\":\"ListItem\",\"position\":3,\"name\":\"H\u1ecfi Chuy\u00ean Vi\u00ean Lu\u1eadt Di Tr\u00fa RCIC\"}]},{\"@type\":\"WebSite\",\"@id\":\"https:\\\/\\\/www.igocanada.ca\\\/vi\\\/#website\",\"url\":\"https:\\\/\\\/www.igocanada.ca\\\/vi\\\/\",\"name\":\"IGC Immigration\",\"description\":\"Regulated Canadian Immigration Consultant in Saskatchewan\",\"publisher\":{\"@id\":\"https:\\\/\\\/www.igocanada.ca\\\/vi\\\/#organization\"},\"potentialAction\":[{\"@type\":\"SearchAction\",\"target\":{\"@type\":\"EntryPoint\",\"urlTemplate\":\"https:\\\/\\\/www.igocanada.ca\\\/vi\\\/?s={search_term_string}\"},\"query-input\":{\"@type\":\"PropertyValueSpecification\",\"valueRequired\":true,\"valueName\":\"search_term_string\"}}],\"inLanguage\":\"vi-VN\"},{\"@type\":\"Organization\",\"@id\":\"https:\\\/\\\/www.igocanada.ca\\\/vi\\\/#organization\",\"name\":\"IGC Immigration\",\"url\":\"https:\\\/\\\/www.igocanada.ca\\\/vi\\\/\",\"logo\":{\"@type\":\"ImageObject\",\"inLanguage\":\"vi-VN\",\"@id\":\"https:\\\/\\\/www.igocanada.ca\\\/vi\\\/#\\\/schema\\\/logo\\\/image\\\/\",\"url\":\"https:\\\/\\\/www.igocanada.ca\\\/wp-content\\\/uploads\\\/2019\\\/06\\\/Asset-3403x.png\",\"contentUrl\":\"https:\\\/\\\/www.igocanada.ca\\\/wp-content\\\/uploads\\\/2019\\\/06\\\/Asset-3403x.png\",\"width\":1838,\"height\":1838,\"caption\":\"IGC Immigration\"},\"image\":{\"@id\":\"https:\\\/\\\/www.igocanada.ca\\\/vi\\\/#\\\/schema\\\/logo\\\/image\\\/\"},\"sameAs\":[\"https:\\\/\\\/www.facebook.com\\\/igocanada.ca\",\"https:\\\/\\\/x.com\\\/igocanada1\",\"https:\\\/\\\/www.instagram.com\\\/igocanada\\\/\",\"https:\\\/\\\/www.linkedin.com\\\/in\\\/igocanada\\\/\",\"https:\\\/\\\/myspace.com\\\/igocanada\",\"https:\\\/\\\/www.pinterest.ca\\\/igocanada\\\/\",\"https:\\\/\\\/www.youtube.com\\\/channel\\\/UCZI8F-SXYB9L96mgJfVIFOw\"]}]}<\/script>\n<!-- \/ Yoast SEO plugin. -->","yoast_head_json":{"title":"H\u1ecfi Chuy\u00ean Vi\u00ean Lu\u1eadt Di Tr\u00fa RCIC - IGC Immigration","description":"\u0110\u1eb7t c\u00e2u h\u1ecfi v\u00e0 nh\u1eadn c\u00e2u tr\u1ea3 l\u1eddi mi\u1ec5n ph\u00ed kh\u00f4ng gi\u1edbi h\u1ea1n t\u1eeb Chuy\u00ean Vi\u00ean Lu\u1eadt Di Tr\u00fa RCIC c\u1ee7a ch\u00fang t\u00f4i. Th\u1eddi gian tr\u1ea3 l\u1eddi trong v\u00f2ng 3 ng\u00e0y ho\u1eb7c s\u1edbm h\u01a1n.","robots":{"index":"index","follow":"follow","max-snippet":"max-snippet:-1","max-image-preview":"max-image-preview:large","max-video-preview":"max-video-preview:-1"},"canonical":"https:\/\/www.igocanada.ca\/vi\/questions\/ask\/","og_locale":"vi_VN","og_type":"article","og_title":"H\u1ecfi Chuy\u00ean Vi\u00ean Lu\u1eadt Di Tr\u00fa RCIC - IGC Immigration","og_description":"\u0110\u1eb7t c\u00e2u h\u1ecfi v\u00e0 nh\u1eadn c\u00e2u tr\u1ea3 l\u1eddi mi\u1ec5n ph\u00ed kh\u00f4ng gi\u1edbi h\u1ea1n t\u1eeb Chuy\u00ean Vi\u00ean Lu\u1eadt Di Tr\u00fa RCIC c\u1ee7a ch\u00fang t\u00f4i. Th\u1eddi gian tr\u1ea3 l\u1eddi trong v\u00f2ng 3 ng\u00e0y ho\u1eb7c s\u1edbm h\u01a1n.","og_url":"https:\/\/www.igocanada.ca\/vi\/questions\/ask\/","og_site_name":"IGC Immigration","article_publisher":"https:\/\/www.facebook.com\/igocanada.ca","article_modified_time":"2023-10-17T04:28:26+00:00","twitter_card":"summary_large_image","twitter_site":"@igocanada1","twitter_misc":{"Est. reading time":"1 minute"},"schema":{"@context":"https:\/\/schema.org","@graph":[{"@type":"WebPage","@id":"https:\/\/www.igocanada.ca\/vi\/questions\/ask\/","url":"https:\/\/www.igocanada.ca\/vi\/questions\/ask\/","name":"H\u1ecfi Chuy\u00ean Vi\u00ean Lu\u1eadt Di Tr\u00fa RCIC - IGC Immigration","isPartOf":{"@id":"https:\/\/www.igocanada.ca\/vi\/#website"},"datePublished":"2019-03-27T07:51:34+00:00","dateModified":"2023-10-17T04:28:26+00:00","description":"\u0110\u1eb7t c\u00e2u h\u1ecfi v\u00e0 nh\u1eadn c\u00e2u tr\u1ea3 l\u1eddi mi\u1ec5n ph\u00ed kh\u00f4ng gi\u1edbi h\u1ea1n t\u1eeb Chuy\u00ean Vi\u00ean Lu\u1eadt Di Tr\u00fa RCIC c\u1ee7a ch\u00fang t\u00f4i. Th\u1eddi gian tr\u1ea3 l\u1eddi trong v\u00f2ng 3 ng\u00e0y ho\u1eb7c s\u1edbm h\u01a1n.","breadcrumb":{"@id":"https:\/\/www.igocanada.ca\/vi\/questions\/ask\/#breadcrumb"},"inLanguage":"vi-VN","potentialAction":[{"@type":"ReadAction","target":["https:\/\/www.igocanada.ca\/vi\/questions\/ask\/"]}]},{"@type":"BreadcrumbList","@id":"https:\/\/www.igocanada.ca\/vi\/questions\/ask\/#breadcrumb","itemListElement":[{"@type":"ListItem","position":1,"name":"Home","item":"https:\/\/www.igocanada.ca\/vi\/"},{"@type":"ListItem","position":2,"name":"Questions","item":"https:\/\/www.igocanada.ca\/vi\/questions\/"},{"@type":"ListItem","position":3,"name":"H\u1ecfi Chuy\u00ean Vi\u00ean Lu\u1eadt Di Tr\u00fa RCIC"}]},{"@type":"WebSite","@id":"https:\/\/www.igocanada.ca\/vi\/#website","url":"https:\/\/www.igocanada.ca\/vi\/","name":"IGC Immigration","description":"Regulated Canadian Immigration Consultant in Saskatchewan","publisher":{"@id":"https:\/\/www.igocanada.ca\/vi\/#organization"},"potentialAction":[{"@type":"SearchAction","target":{"@type":"EntryPoint","urlTemplate":"https:\/\/www.igocanada.ca\/vi\/?s={search_term_string}"},"query-input":{"@type":"PropertyValueSpecification","valueRequired":true,"valueName":"search_term_string"}}],"inLanguage":"vi-VN"},{"@type":"Organization","@id":"https:\/\/www.igocanada.ca\/vi\/#organization","name":"IGC Immigration","url":"https:\/\/www.igocanada.ca\/vi\/","logo":{"@type":"ImageObject","inLanguage":"vi-VN","@id":"https:\/\/www.igocanada.ca\/vi\/#\/schema\/logo\/image\/","url":"https:\/\/www.igocanada.ca\/wp-content\/uploads\/2019\/06\/Asset-3403x.png","contentUrl":"https:\/\/www.igocanada.ca\/wp-content\/uploads\/2019\/06\/Asset-3403x.png","width":1838,"height":1838,"caption":"IGC Immigration"},"image":{"@id":"https:\/\/www.igocanada.ca\/vi\/#\/schema\/logo\/image\/"},"sameAs":["https:\/\/www.facebook.com\/igocanada.ca","https:\/\/x.com\/igocanada1","https:\/\/www.instagram.com\/igocanada\/","https:\/\/www.linkedin.com\/in\/igocanada\/","https:\/\/myspace.com\/igocanada","https:\/\/www.pinterest.ca\/igocanada\/","https:\/\/www.youtube.com\/channel\/UCZI8F-SXYB9L96mgJfVIFOw"]}]}},"_links":{"self":[{"href":"https:\/\/www.igocanada.ca\/vi\/wp-json\/wp\/v2\/pages\/792","targetHints":{"allow":["GET"]}}],"collection":[{"href":"https:\/\/www.igocanada.ca\/vi\/wp-json\/wp\/v2\/pages"}],"about":[{"href":"https:\/\/www.igocanada.ca\/vi\/wp-json\/wp\/v2\/types\/page"}],"author":[{"embeddable":true,"href":"https:\/\/www.igocanada.ca\/vi\/wp-json\/wp\/v2\/users\/2"}],"replies":[{"embeddable":true,"href":"https:\/\/www.igocanada.ca\/vi\/wp-json\/wp\/v2\/comments?post=792"}],"version-history":[{"count":1,"href":"https:\/\/www.igocanada.ca\/vi\/wp-json\/wp\/v2\/pages\/792\/revisions"}],"predecessor-version":[{"id":7472,"href":"https:\/\/www.igocanada.ca\/vi\/wp-json\/wp\/v2\/pages\/792\/revisions\/7472"}],"up":[{"embeddable":true,"href":"https:\/\/www.igocanada.ca\/vi\/wp-json\/wp\/v2\/pages\/791"}],"wp:attachment":[{"href":"https:\/\/www.igocanada.ca\/vi\/wp-json\/wp\/v2\/media?parent=792"}],"curies":[{"name":"wp","href":"https:\/\/api.w.org\/{rel}","templated":true}]}}